{"id":1767,"date":"2025-08-20T06:51:56","date_gmt":"2025-08-20T06:51:56","guid":{"rendered":"https:\/\/setantaarquitectura.com\/avis-legal\/"},"modified":"2025-10-13T08:20:31","modified_gmt":"2025-10-13T08:20:31","slug":"avis-legal","status":"publish","type":"page","link":"https:\/\/setantaarquitectura.com\/val\/avis-legal\/","title":{"rendered":"Av\u00eds Legal"},"content":{"rendered":"\t\t<div data-elementor-type=\"wp-page\" data-elementor-id=\"1767\" class=\"elementor elementor-1767 elementor-1166\" data-elementor-post-type=\"page\">\n\t\t\t\t<div class=\"elementor-element elementor-element-da3782e e-con-full e-grid st_header_overlay elementor-hidden-mobile e-con e-parent\" data-id=\"da3782e\" data-element_type=\"container\" data-e-type=\"container\" data-settings=\"{&quot;background_background&quot;:&quot;classic&quot;}\">\n\t\t\t\t<div class=\"elementor-element elementor-element-d6eab98 elementor-widget elementor-widget-image\" data-id=\"d6eab98\" data-element_type=\"widget\" data-e-type=\"widget\" data-widget_type=\"image.default\">\n\t\t\t\t<div class=\"elementor-widget-container\">\n\t\t\t\t\t\t\t\t\t\t\t\t\t\t\t<img fetchpriority=\"high\" decoding=\"async\" width=\"2400\" height=\"1040\" src=\"https:\/\/setantaarquitectura.com\/wp-content\/uploads\/2025\/08\/Estudio-min.jpg\" class=\"attachment-full size-full wp-image-1799\" alt=\"\" srcset=\"https:\/\/setantaarquitectura.com\/wp-content\/uploads\/2025\/08\/Estudio-min.jpg 2400w, https:\/\/setantaarquitectura.com\/wp-content\/uploads\/2025\/08\/Estudio-min-300x130.jpg 300w, https:\/\/setantaarquitectura.com\/wp-content\/uploads\/2025\/08\/Estudio-min-1024x444.jpg 1024w, https:\/\/setantaarquitectura.com\/wp-content\/uploads\/2025\/08\/Estudio-min-768x333.jpg 768w, https:\/\/setantaarquitectura.com\/wp-content\/uploads\/2025\/08\/Estudio-min-1536x666.jpg 1536w, https:\/\/setantaarquitectura.com\/wp-content\/uploads\/2025\/08\/Estudio-min-2048x887.jpg 2048w\" sizes=\"(max-width: 2400px) 100vw, 2400px\" \/>\t\t\t\t\t\t\t\t\t\t\t\t\t\t\t<\/div>\n\t\t\t\t<\/div>\n\t\t\t\t<div class=\"elementor-element elementor-element-a4a39f5 elementor-widget elementor-widget-heading\" data-id=\"a4a39f5\" data-element_type=\"widget\" data-e-type=\"widget\" data-widget_type=\"heading.default\">\n\t\t\t\t<div class=\"elementor-widget-container\">\n\t\t\t\t\t<h1 class=\"elementor-heading-title elementor-size-default\">Av\u00eds Legal<\/h1>\t\t\t\t<\/div>\n\t\t\t\t<\/div>\n\t\t\t\t<\/div>\n\t\t<div class=\"elementor-element elementor-element-f97a578 e-con-full e-grid st_header_overlay elementor-hidden-desktop elementor-hidden-tablet e-con e-parent\" data-id=\"f97a578\" data-element_type=\"container\" data-e-type=\"container\" data-settings=\"{&quot;background_background&quot;:&quot;classic&quot;}\">\n\t\t\t\t<div class=\"elementor-element elementor-element-5469e03 elementor-widget elementor-widget-image\" data-id=\"5469e03\" data-element_type=\"widget\" data-e-type=\"widget\" data-widget_type=\"image.default\">\n\t\t\t\t<div class=\"elementor-widget-container\">\n\t\t\t\t\t\t\t\t\t\t\t\t\t\t\t<img decoding=\"async\" width=\"1080\" height=\"1080\" src=\"https:\/\/setantaarquitectura.com\/wp-content\/uploads\/2025\/08\/1080x1080-8.jpg\" class=\"attachment-full size-full wp-image-1768\" alt=\"\" srcset=\"https:\/\/setantaarquitectura.com\/wp-content\/uploads\/2025\/08\/1080x1080-8.jpg 1080w, https:\/\/setantaarquitectura.com\/wp-content\/uploads\/2025\/08\/1080x1080-8-300x300.jpg 300w, https:\/\/setantaarquitectura.com\/wp-content\/uploads\/2025\/08\/1080x1080-8-1024x1024.jpg 1024w, https:\/\/setantaarquitectura.com\/wp-content\/uploads\/2025\/08\/1080x1080-8-150x150.jpg 150w, https:\/\/setantaarquitectura.com\/wp-content\/uploads\/2025\/08\/1080x1080-8-768x768.jpg 768w\" sizes=\"(max-width: 1080px) 100vw, 1080px\" \/>\t\t\t\t\t\t\t\t\t\t\t\t\t\t\t<\/div>\n\t\t\t\t<\/div>\n\t\t\t\t<div class=\"elementor-element elementor-element-0a40554 elementor-widget elementor-widget-heading\" data-id=\"0a40554\" data-element_type=\"widget\" data-e-type=\"widget\" data-widget_type=\"heading.default\">\n\t\t\t\t<div class=\"elementor-widget-container\">\n\t\t\t\t\t<h1 class=\"elementor-heading-title elementor-size-default\">Av\u00eds Legal<\/h1>\t\t\t\t<\/div>\n\t\t\t\t<\/div>\n\t\t\t\t<\/div>\n\t\t<div class=\"elementor-element elementor-element-3426e48 e-flex e-con-boxed e-con e-parent\" data-id=\"3426e48\" data-element_type=\"container\" data-e-type=\"container\">\n\t\t\t\t\t<div class=\"e-con-inner\">\n\t\t\t\t<div class=\"elementor-element elementor-element-d9875ca elementor-widget elementor-widget-text-editor\" data-id=\"d9875ca\" data-element_type=\"widget\" data-e-type=\"widget\" data-widget_type=\"text-editor.default\">\n\t\t\t\t<div class=\"elementor-widget-container\">\n\t\t\t\t\t\t\t\t\t<h2>Identificaci\u00f3 del Responsable \/ Prestador de Serveis de la Societat de la Informaci\u00f3<\/h2><p>En compliment del que estableix l\u2019article 10 de la Llei 34\/2002, d\u201911 de juliol, de Serveis de la Societat de la Informaci\u00f3 i de Comer\u00e7 Electr\u00f2nic (d\u2019ara endavant, LSSI-CE), s\u2019informa de manera expressa, precisa i inequ\u00edvoca, tant als usuaris, destinataris del servei, com als \u00f2rgans competents, dels aspectes seg\u00fcents relatius al prestador de serveis de la societat de la informaci\u00f3:<\/p><p>Identitat \u2013 Entitat: SETANTA ARQUITECTURA S.L.P.<br>CIF\/NIF: B19824309<br>Adre\u00e7a Postal: Av. Corts Valencianes, 38 &#8211; 1\u00ba, 46470 Albal, Val\u00e8ncia<br>Tel\u00e8fon: 961 268 456<br>Correu electr\u00f2nic: info@setantaarquitectura.com<br>Objecte social: Arquitectura<br>P\u00e0gina web: https:\/\/www.setantaarquitectura.com<br>Dades registrals: Registre Mercantil de Val\u00e8ncia Tom 7527, Llibre 4828, Foli 104,<br>Secci\u00f3 8, Fulla V 90842<\/p><h2>Condicions Generals d\u2019\u00das<\/h2><p>L\u2019acc\u00e9s a la nostra P\u00e0gina Web \/ Blog (d\u2019ara endavant, Lloc Web) \u00e9s lliure i gratu\u00eft per a totes les persones, sense que siga necessari realitzar cap subscripci\u00f3 ni la contractaci\u00f3 pr\u00e8via de cap servei proporcionat per la nostra entitat.<br>L\u2019usuari que utilitze o navegue pel nostre lloc web accepta de manera impl\u00edcita les condicions d\u2019\u00fas i la resta d\u2019especificacions del present Av\u00eds Legal.<br>Advertim els usuaris que la nostra entitat es reserva el dret de modificar el present Av\u00eds Legal sense av\u00eds previ. \u00c9s per aix\u00f2 que recomanem consultar aquest text cada vegada que visiteu el nostre lloc web.<br>Totes les persones que accedisquen al nostre lloc web estan obligades a fer-ne un \u00fas basat en la bona fe, el respecte a la llei i al compliment de les obligacions contingudes en el present Av\u00eds Legal. Aix\u00ed mateix, l\u2019usuari es compromet a fer un bon \u00fas de les seues claus d\u2019acc\u00e9s, aix\u00ed com a no introduir continguts injuriosos o calumniosos al nostre lloc web. Tampoc bloquejar ni danyar de manera temporal o definitiva les funcionalitats, els continguts o la infraestructura del web que en perjudiquen l\u2019\u00fas.<\/p><p>En cas d\u2019incompliment total i\/o parcial per part de l\u2019usuari de les condicions d\u2019\u00fas o de qualsevol altra especificaci\u00f3 del present Av\u00eds Legal, la nostra entitat es reserva el dret de denegar l\u2019acc\u00e9s al nostre lloc web, sense previ av\u00eds a l\u2019usuari infractor, aix\u00ed com d\u2019emprendre les accions legals necess\u00e0ries en defensa dels nostres interessos.<\/p><h2>3. Propietat Intel\u00b7lectual<\/h2><p>El codi font, els dissenys gr\u00e0fics, les imatges, les fotografies, els sons, les animacions, el programari, els textos, aix\u00ed com la informaci\u00f3 i els continguts que es recullen en aquest lloc web estan protegits per la legislaci\u00f3 espanyola sobre drets de propietat intel\u00b7lectual i industrial a favor de la nostra entitat.<br>No es permet la reproducci\u00f3 i\/o publicaci\u00f3, total o parcial, del lloc web o del logotip de la nostra entitat, ni el seu tractament inform\u00e0tic, distribuci\u00f3, difusi\u00f3, modificaci\u00f3, transformaci\u00f3 o descompilaci\u00f3, ni cap altre dret reconegut legalment al seu titular, sense el perm\u00eds previ i per escrit de la nostra entitat.<br>L\u2019usuari, \u00fanicament i exclusivament, pot utilitzar el material que aparega en aquest lloc web per al seu \u00fas personal i privat, quedant prohibit el seu \u00fas amb finalitats professionals, comercials o per a dur a terme activitats il\u00b7l\u00edcites. Tots els drets derivats de la propietat intel\u00b7lectual estan expressament reservats per la nostra entitat. La nostra entitat vetlar\u00e0 pel compliment de les condicions anteriors i per la correcta utilitzaci\u00f3 dels continguts i logotips presents en les seues p\u00e0gines web, exercint totes les accions civils i penals que li corresponguen en cas d\u2019infracci\u00f3 o incompliment d\u2019aquests drets per part de l\u2019usuari.<\/p><h2>4. \u00das de cookies i modificacions en el Lloc Web<\/h2><p>El nostre lloc web utilitza cookies i\/o tecnologies similars que emmagatzemen i recuperen informaci\u00f3 durant la navegaci\u00f3. En general, aquestes tecnologies poden servir per a finalitats diverses, com ara recon\u00e9ixer l\u2019usuari, obtindre informaci\u00f3 sobre els seus h\u00e0bits de navegaci\u00f3, enviar-li publicitat o personalitzar la forma en qu\u00e8 es mostra el contingut.<br>Per a con\u00e9ixer els tipus de cookies que utilitza el nostre lloc web, us convidem a consultar la nostra Pol\u00edtica de Cookies.<br>La nostra entitat podr\u00e0 modificar, sense previ av\u00eds, la informaci\u00f3 continguda en el seu lloc web, aix\u00ed com la seua configuraci\u00f3 i presentaci\u00f3.<\/p><h2>5. Compromisos amb l\u2019usuari<\/h2><p>La nostra entitat es compromet, a trav\u00e9s d\u2019aquest mitj\u00e0, a no realitzar publicitat enganyosa. A aquests efectes, no es consideraran publicitat enganyosa els errors formals o num\u00e8rics que puguen trobar-se al llarg del contingut de les diferents seccions d\u2019aquesta web, produ\u00efts com a conseq\u00fc\u00e8ncia d\u2019un manteniment o actualitzaci\u00f3 incompleta o defectuosa de la informaci\u00f3 continguda. La nostra entitat es compromet a corregir aquests errors tan aviat com en tinga coneixement. <br>Aix\u00ed mateix, la nostra entitat es compromet a no remetre comunicacions comercials sense identificar-les com a tals i sense el consentiment previ de l\u2019usuari, d\u2019acord amb el que estableix la Llei 34\/2002, de Serveis de la Societat de la Informaci\u00f3 i de Comer\u00e7 Electr\u00f2nic. A aquests efectes, no es considerar\u00e0 comunicaci\u00f3 comercial tota la informaci\u00f3 que s\u2019envie als nostres clients, sempre que tinga com a finalitat el manteniment de la relaci\u00f3 contractual existent entre el client i la nostra entitat, aix\u00ed com la realitzaci\u00f3 de tasques informatives i altres activitats pr\u00f2pies del servei contractat.<\/p><h2>6. Comprom\u00eds de protecci\u00f3 de dades personals<\/h2><p>La nostra entitat es compromet a realitzar el tractament de qualsevol dada personal sota l\u2019estricte compliment del que disposa el Reglament General de Protecci\u00f3 de Dades Personals (RGPD 2016\/679) i la Llei Org\u00e0nica 3\/2018, de 5 de desembre, de protecci\u00f3 de dades personals i garantia dels drets digitals (LOPDGDD). Per a m\u00e9s informaci\u00f3, convidem tots els usuaris a consultar la nostra Pol\u00edtica de Privacitat.<\/p><h2>7. Incompliments i Responsabilitats<\/h2><p>La nostra entitat no es fa responsable de l\u2019incompliment de qualsevol norma aplicable en qu\u00e8 puga inc\u00f3rrer l\u2019usuari en accedir al present lloc web i\/o en l\u2019\u00fas de les informacions contingudes en ell.<br>Aix\u00ed mateix, la nostra entitat no ser\u00e0 responsable dels danys i perjudicis, de qualsevol naturalesa, que puguen derivar-se de l\u2019\u00fas de la informaci\u00f3 o dels continguts d\u2019aquest lloc web. Els enlla\u00e7os (links) i hipervincles que permeten a l\u2019usuari accedir a serveis o continguts oferits per tercers no pertanyen ni es troben sota el control de la nostra entitat, per la qual cosa no ens fem responsables ni de la informaci\u00f3 continguda en ells ni dels possibles efectes que pogueren derivar-se del seu \u00fas.<br>La nostra entitat tampoc es fa responsable de l\u2019\u00fas indegut que terceres persones puguen fer dels noms de marca, productes o marques comercials que, sense ser propietat de la nostra entitat, apareguen en aquest lloc web. Tampoc no es responsabilitza de la integritat, veracitat i licitud del contingut dels enlla\u00e7os a les webs a qu\u00e8 es puga accedir des del present lloc web. En definitiva, l\u2019usuari \u00e9s l\u2019\u00fanic responsable de l\u2019\u00fas que fa\u00e7a dels serveis, continguts, enlla\u00e7os (links) i hipervincles inclosos en el present lloc web.<\/p><h2>8. Llenguatge Inclusiu<\/h2><p>La nostra entitat est\u00e0 fermament compromesa amb la igualtat entre les persones i treballem activament per a promoure un entorn inclusiu i respectu\u00f3s. <br>En cas que es detecte, en la redacci\u00f3 dels nostres textos, algun terme contrari al llenguatge inclusiu, s\u2019aclareix que el seu \u00fas ha sigut inadvertit o degut a motius d\u2019economia del llenguatge, sense intenci\u00f3 d\u2019excloure ni discriminar.<\/p><h2>9. Legislaci\u00f3 Aplicable i Fur Jurisdiccional<\/h2><p>Per a qualsevol q\u00fcesti\u00f3 legal o relacionada amb els llocs web que depenguen de la nostra entitat, ser\u00e0 d\u2019aplicaci\u00f3 la legislaci\u00f3 espanyola, essent competents per a la resoluci\u00f3 de tots els conflictes derivats o relacionats amb l\u2019\u00fas del present lloc web els Jutjats i Tribunals corresponents al domicili del prestador del servei de la societat de la informaci\u00f3.<\/p><h2>10. Actualitzaci\u00f3 d\u2019aquesta Pol\u00edtica<\/h2><p>La nostra entitat es reserva el dret de modificar el present Av\u00eds Legal sense previ av\u00eds. \u00c9s per aix\u00f2 que recomanem consultar-lo cada vegada que visiteu el nostre lloc web.<br>Text actualitzat el 01 de setembre de 2025.<\/p>\t\t\t\t\t\t\t\t<\/div>\n\t\t\t\t<\/div>\n\t\t\t\t\t<\/div>\n\t\t\t\t<\/div>\n\t\t\t\t<\/div>\n\t\t","protected":false},"excerpt":{"rendered":"<p>Identificaci\u00f3 del Responsable \/ Prestador de Serveis de la Societat de la Informaci\u00f3 En compliment del que estableix l\u2019article 10 de la Llei 34\/2002, d\u201911 de juliol, de Serveis de la Societat de la Informaci\u00f3 i de Comer\u00e7 Electr\u00f2nic (d\u2019ara endavant, LSSI-CE), s\u2019informa de manera expressa, precisa i inequ\u00edvoca, tant als usuaris, destinataris del servei, &#8230; <a title=\"Av\u00eds Legal\" class=\"read-more\" href=\"https:\/\/setantaarquitectura.com\/val\/avis-legal\/\" aria-label=\"Read more about Av\u00eds Legal\">Read more<\/a><\/p>\n","protected":false},"author":1,"featured_media":0,"parent":0,"menu_order":0,"comment_status":"closed","ping_status":"closed","template":"","meta":{"_acf_changed":false,"footnotes":""},"class_list":["post-1767","page","type-page","status-publish"],"acf":[],"yoast_head":"<!-- This site is optimized with the Yoast SEO plugin v27.4 - https:\/\/yoast.com\/product\/yoast-seo-wordpress\/ -->\n<title>Av\u00eds Legal - Setanta Arquitectura<\/title>\n<meta name=\"robots\" content=\"index, follow, max-snippet:-1, max-image-preview:large, max-video-preview:-1\" \/>\n<link rel=\"canonical\" href=\"https:\/\/setantaarquitectura.com\/val\/avis-legal\/\" \/>\n<meta property=\"og:locale\" content=\"en_US\" \/>\n<meta property=\"og:type\" content=\"article\" \/>\n<meta property=\"og:title\" content=\"Av\u00eds Legal - Setanta Arquitectura\" \/>\n<meta property=\"og:description\" content=\"Identificaci\u00f3 del Responsable \/ Prestador de Serveis de la Societat de la Informaci\u00f3 En compliment del que estableix l\u2019article 10 de la Llei 34\/2002, d\u201911 de juliol, de Serveis de la Societat de la Informaci\u00f3 i de Comer\u00e7 Electr\u00f2nic (d\u2019ara endavant, LSSI-CE), s\u2019informa de manera expressa, precisa i inequ\u00edvoca, tant als usuaris, destinataris del servei, ... Read more\" \/>\n<meta property=\"og:url\" content=\"https:\/\/setantaarquitectura.com\/val\/avis-legal\/\" \/>\n<meta property=\"og:site_name\" content=\"Setanta Arquitectura\" \/>\n<meta property=\"article:modified_time\" content=\"2025-10-13T08:20:31+00:00\" \/>\n<meta property=\"og:image\" content=\"https:\/\/setantaarquitectura.com\/wp-content\/uploads\/2025\/08\/Estudio-min.jpg\" \/>\n\t<meta property=\"og:image:width\" content=\"2400\" \/>\n\t<meta property=\"og:image:height\" content=\"1040\" \/>\n\t<meta property=\"og:image:type\" content=\"image\/jpeg\" \/>\n<meta name=\"twitter:card\" content=\"summary_large_image\" \/>\n<meta name=\"twitter:label1\" content=\"Est. reading time\" \/>\n\t<meta name=\"twitter:data1\" content=\"7 minutes\" \/>\n<script type=\"application\/ld+json\" class=\"yoast-schema-graph\">{\"@context\":\"https:\\\/\\\/schema.org\",\"@graph\":[{\"@type\":\"WebPage\",\"@id\":\"https:\\\/\\\/setantaarquitectura.com\\\/val\\\/avis-legal\\\/\",\"url\":\"https:\\\/\\\/setantaarquitectura.com\\\/val\\\/avis-legal\\\/\",\"name\":\"Av\u00eds Legal - Setanta Arquitectura\",\"isPartOf\":{\"@id\":\"https:\\\/\\\/setantaarquitectura.com\\\/val\\\/#website\"},\"primaryImageOfPage\":{\"@id\":\"https:\\\/\\\/setantaarquitectura.com\\\/val\\\/avis-legal\\\/#primaryimage\"},\"image\":{\"@id\":\"https:\\\/\\\/setantaarquitectura.com\\\/val\\\/avis-legal\\\/#primaryimage\"},\"thumbnailUrl\":\"https:\\\/\\\/setantaarquitectura.com\\\/wp-content\\\/uploads\\\/2025\\\/08\\\/Estudio-min.jpg\",\"datePublished\":\"2025-08-20T06:51:56+00:00\",\"dateModified\":\"2025-10-13T08:20:31+00:00\",\"breadcrumb\":{\"@id\":\"https:\\\/\\\/setantaarquitectura.com\\\/val\\\/avis-legal\\\/#breadcrumb\"},\"inLanguage\":\"val-VAL\",\"potentialAction\":[{\"@type\":\"ReadAction\",\"target\":[\"https:\\\/\\\/setantaarquitectura.com\\\/val\\\/avis-legal\\\/\"]}]},{\"@type\":\"ImageObject\",\"inLanguage\":\"val-VAL\",\"@id\":\"https:\\\/\\\/setantaarquitectura.com\\\/val\\\/avis-legal\\\/#primaryimage\",\"url\":\"https:\\\/\\\/setantaarquitectura.com\\\/wp-content\\\/uploads\\\/2025\\\/08\\\/Estudio-min.jpg\",\"contentUrl\":\"https:\\\/\\\/setantaarquitectura.com\\\/wp-content\\\/uploads\\\/2025\\\/08\\\/Estudio-min.jpg\"},{\"@type\":\"BreadcrumbList\",\"@id\":\"https:\\\/\\\/setantaarquitectura.com\\\/val\\\/avis-legal\\\/#breadcrumb\",\"itemListElement\":[{\"@type\":\"ListItem\",\"position\":1,\"name\":\"Portada\",\"item\":\"https:\\\/\\\/setantaarquitectura.com\\\/val\\\/inici\\\/\"},{\"@type\":\"ListItem\",\"position\":2,\"name\":\"Av\u00eds Legal\"}]},{\"@type\":\"WebSite\",\"@id\":\"https:\\\/\\\/setantaarquitectura.com\\\/val\\\/#website\",\"url\":\"https:\\\/\\\/setantaarquitectura.com\\\/val\\\/\",\"name\":\"Setanta Arquitectura\",\"description\":\"Setanta Arquitectura\",\"publisher\":{\"@id\":\"https:\\\/\\\/setantaarquitectura.com\\\/val\\\/#organization\"},\"potentialAction\":[{\"@type\":\"SearchAction\",\"target\":{\"@type\":\"EntryPoint\",\"urlTemplate\":\"https:\\\/\\\/setantaarquitectura.com\\\/val\\\/?s={search_term_string}\"},\"query-input\":{\"@type\":\"PropertyValueSpecification\",\"valueRequired\":true,\"valueName\":\"search_term_string\"}}],\"inLanguage\":\"val-VAL\"},{\"@type\":\"Organization\",\"@id\":\"https:\\\/\\\/setantaarquitectura.com\\\/val\\\/#organization\",\"name\":\"Setanta Arquitectura\",\"url\":\"https:\\\/\\\/setantaarquitectura.com\\\/val\\\/\",\"logo\":{\"@type\":\"ImageObject\",\"inLanguage\":\"val-VAL\",\"@id\":\"https:\\\/\\\/setantaarquitectura.com\\\/val\\\/#\\\/schema\\\/logo\\\/image\\\/\",\"url\":\"https:\\\/\\\/setantaarquitectura.com\\\/wp-content\\\/uploads\\\/2025\\\/07\\\/Logotipo-setanta-cabecera.png\",\"contentUrl\":\"https:\\\/\\\/setantaarquitectura.com\\\/wp-content\\\/uploads\\\/2025\\\/07\\\/Logotipo-setanta-cabecera.png\",\"width\":52,\"height\":108,\"caption\":\"Setanta Arquitectura\"},\"image\":{\"@id\":\"https:\\\/\\\/setantaarquitectura.com\\\/val\\\/#\\\/schema\\\/logo\\\/image\\\/\"}}]}<\/script>\n<!-- \/ Yoast SEO plugin. -->","yoast_head_json":{"title":"Av\u00eds Legal - Setanta Arquitectura","robots":{"index":"index","follow":"follow","max-snippet":"max-snippet:-1","max-image-preview":"max-image-preview:large","max-video-preview":"max-video-preview:-1"},"canonical":"https:\/\/setantaarquitectura.com\/val\/avis-legal\/","og_locale":"en_US","og_type":"article","og_title":"Av\u00eds Legal - Setanta Arquitectura","og_description":"Identificaci\u00f3 del Responsable \/ Prestador de Serveis de la Societat de la Informaci\u00f3 En compliment del que estableix l\u2019article 10 de la Llei 34\/2002, d\u201911 de juliol, de Serveis de la Societat de la Informaci\u00f3 i de Comer\u00e7 Electr\u00f2nic (d\u2019ara endavant, LSSI-CE), s\u2019informa de manera expressa, precisa i inequ\u00edvoca, tant als usuaris, destinataris del servei, ... Read more","og_url":"https:\/\/setantaarquitectura.com\/val\/avis-legal\/","og_site_name":"Setanta Arquitectura","article_modified_time":"2025-10-13T08:20:31+00:00","og_image":[{"width":2400,"height":1040,"url":"https:\/\/setantaarquitectura.com\/wp-content\/uploads\/2025\/08\/Estudio-min.jpg","type":"image\/jpeg"}],"twitter_card":"summary_large_image","twitter_misc":{"Est. reading time":"7 minutes"},"schema":{"@context":"https:\/\/schema.org","@graph":[{"@type":"WebPage","@id":"https:\/\/setantaarquitectura.com\/val\/avis-legal\/","url":"https:\/\/setantaarquitectura.com\/val\/avis-legal\/","name":"Av\u00eds Legal - Setanta Arquitectura","isPartOf":{"@id":"https:\/\/setantaarquitectura.com\/val\/#website"},"primaryImageOfPage":{"@id":"https:\/\/setantaarquitectura.com\/val\/avis-legal\/#primaryimage"},"image":{"@id":"https:\/\/setantaarquitectura.com\/val\/avis-legal\/#primaryimage"},"thumbnailUrl":"https:\/\/setantaarquitectura.com\/wp-content\/uploads\/2025\/08\/Estudio-min.jpg","datePublished":"2025-08-20T06:51:56+00:00","dateModified":"2025-10-13T08:20:31+00:00","breadcrumb":{"@id":"https:\/\/setantaarquitectura.com\/val\/avis-legal\/#breadcrumb"},"inLanguage":"val-VAL","potentialAction":[{"@type":"ReadAction","target":["https:\/\/setantaarquitectura.com\/val\/avis-legal\/"]}]},{"@type":"ImageObject","inLanguage":"val-VAL","@id":"https:\/\/setantaarquitectura.com\/val\/avis-legal\/#primaryimage","url":"https:\/\/setantaarquitectura.com\/wp-content\/uploads\/2025\/08\/Estudio-min.jpg","contentUrl":"https:\/\/setantaarquitectura.com\/wp-content\/uploads\/2025\/08\/Estudio-min.jpg"},{"@type":"BreadcrumbList","@id":"https:\/\/setantaarquitectura.com\/val\/avis-legal\/#breadcrumb","itemListElement":[{"@type":"ListItem","position":1,"name":"Portada","item":"https:\/\/setantaarquitectura.com\/val\/inici\/"},{"@type":"ListItem","position":2,"name":"Av\u00eds Legal"}]},{"@type":"WebSite","@id":"https:\/\/setantaarquitectura.com\/val\/#website","url":"https:\/\/setantaarquitectura.com\/val\/","name":"Setanta Arquitectura","description":"Setanta Arquitectura","publisher":{"@id":"https:\/\/setantaarquitectura.com\/val\/#organization"},"potentialAction":[{"@type":"SearchAction","target":{"@type":"EntryPoint","urlTemplate":"https:\/\/setantaarquitectura.com\/val\/?s={search_term_string}"},"query-input":{"@type":"PropertyValueSpecification","valueRequired":true,"valueName":"search_term_string"}}],"inLanguage":"val-VAL"},{"@type":"Organization","@id":"https:\/\/setantaarquitectura.com\/val\/#organization","name":"Setanta Arquitectura","url":"https:\/\/setantaarquitectura.com\/val\/","logo":{"@type":"ImageObject","inLanguage":"val-VAL","@id":"https:\/\/setantaarquitectura.com\/val\/#\/schema\/logo\/image\/","url":"https:\/\/setantaarquitectura.com\/wp-content\/uploads\/2025\/07\/Logotipo-setanta-cabecera.png","contentUrl":"https:\/\/setantaarquitectura.com\/wp-content\/uploads\/2025\/07\/Logotipo-setanta-cabecera.png","width":52,"height":108,"caption":"Setanta Arquitectura"},"image":{"@id":"https:\/\/setantaarquitectura.com\/val\/#\/schema\/logo\/image\/"}}]}},"_links":{"self":[{"href":"https:\/\/setantaarquitectura.com\/val\/wp-json\/wp\/v2\/pages\/1767","targetHints":{"allow":["GET"]}}],"collection":[{"href":"https:\/\/setantaarquitectura.com\/val\/wp-json\/wp\/v2\/pages"}],"about":[{"href":"https:\/\/setantaarquitectura.com\/val\/wp-json\/wp\/v2\/types\/page"}],"author":[{"embeddable":true,"href":"https:\/\/setantaarquitectura.com\/val\/wp-json\/wp\/v2\/users\/1"}],"replies":[{"embeddable":true,"href":"https:\/\/setantaarquitectura.com\/val\/wp-json\/wp\/v2\/comments?post=1767"}],"version-history":[{"count":0,"href":"https:\/\/setantaarquitectura.com\/val\/wp-json\/wp\/v2\/pages\/1767\/revisions"}],"wp:attachment":[{"href":"https:\/\/setantaarquitectura.com\/val\/wp-json\/wp\/v2\/media?parent=1767"}],"curies":[{"name":"wp","href":"https:\/\/api.w.org\/{rel}","templated":true}]}}