{"id":1775,"date":"2025-09-26T09:28:34","date_gmt":"2025-09-26T09:28:34","guid":{"rendered":"https:\/\/setantaarquitectura.com\/declaracio-daccessibilitat\/"},"modified":"2025-10-28T15:04:20","modified_gmt":"2025-10-28T15:04:20","slug":"declaracio-daccessibilitat","status":"publish","type":"page","link":"https:\/\/setantaarquitectura.com\/val\/declaracio-daccessibilitat\/","title":{"rendered":"Declaraci\u00f3 d\u2019accessibilitat"},"content":{"rendered":"\t\t<div data-elementor-type=\"wp-page\" data-elementor-id=\"1775\" class=\"elementor elementor-1775 elementor-1744\" data-elementor-post-type=\"page\">\n\t\t\t\t<div class=\"elementor-element elementor-element-da3782e e-con-full e-grid st_header_overlay elementor-hidden-mobile e-con e-parent\" data-id=\"da3782e\" data-element_type=\"container\" data-e-type=\"container\" data-settings=\"{&quot;background_background&quot;:&quot;classic&quot;}\">\n\t\t\t\t<div class=\"elementor-element elementor-element-d6eab98 elementor-widget elementor-widget-image\" data-id=\"d6eab98\" data-element_type=\"widget\" data-e-type=\"widget\" data-widget_type=\"image.default\">\n\t\t\t\t<div class=\"elementor-widget-container\">\n\t\t\t\t\t\t\t\t\t\t\t\t\t\t\t<img fetchpriority=\"high\" decoding=\"async\" width=\"2400\" height=\"1040\" src=\"https:\/\/setantaarquitectura.com\/wp-content\/uploads\/2025\/08\/Estudio-min.jpg\" class=\"attachment-full size-full wp-image-1799\" alt=\"\" srcset=\"https:\/\/setantaarquitectura.com\/wp-content\/uploads\/2025\/08\/Estudio-min.jpg 2400w, https:\/\/setantaarquitectura.com\/wp-content\/uploads\/2025\/08\/Estudio-min-300x130.jpg 300w, https:\/\/setantaarquitectura.com\/wp-content\/uploads\/2025\/08\/Estudio-min-1024x444.jpg 1024w, https:\/\/setantaarquitectura.com\/wp-content\/uploads\/2025\/08\/Estudio-min-768x333.jpg 768w, https:\/\/setantaarquitectura.com\/wp-content\/uploads\/2025\/08\/Estudio-min-1536x666.jpg 1536w, https:\/\/setantaarquitectura.com\/wp-content\/uploads\/2025\/08\/Estudio-min-2048x887.jpg 2048w\" sizes=\"(max-width: 2400px) 100vw, 2400px\" \/>\t\t\t\t\t\t\t\t\t\t\t\t\t\t\t<\/div>\n\t\t\t\t<\/div>\n\t\t\t\t<div class=\"elementor-element elementor-element-a4a39f5 elementor-widget elementor-widget-heading\" data-id=\"a4a39f5\" data-element_type=\"widget\" data-e-type=\"widget\" data-widget_type=\"heading.default\">\n\t\t\t\t<div class=\"elementor-widget-container\">\n\t\t\t\t\t<h1 class=\"elementor-heading-title elementor-size-default\">Declaraci\u00f3 d\u2019accessibilitat<\/h1>\t\t\t\t<\/div>\n\t\t\t\t<\/div>\n\t\t\t\t<\/div>\n\t\t<div class=\"elementor-element elementor-element-6effd78 e-con-full e-grid st_header_overlay elementor-hidden-desktop elementor-hidden-tablet e-con e-parent\" data-id=\"6effd78\" data-element_type=\"container\" data-e-type=\"container\" data-settings=\"{&quot;background_background&quot;:&quot;classic&quot;}\">\n\t\t\t\t<div class=\"elementor-element elementor-element-d9f723f elementor-widget elementor-widget-image\" data-id=\"d9f723f\" data-element_type=\"widget\" data-e-type=\"widget\" data-widget_type=\"image.default\">\n\t\t\t\t<div class=\"elementor-widget-container\">\n\t\t\t\t\t\t\t\t\t\t\t\t\t\t\t<img decoding=\"async\" width=\"1080\" height=\"1080\" src=\"https:\/\/setantaarquitectura.com\/wp-content\/uploads\/2025\/08\/1080x1080-8.jpg\" class=\"attachment-full size-full wp-image-1768\" alt=\"\" srcset=\"https:\/\/setantaarquitectura.com\/wp-content\/uploads\/2025\/08\/1080x1080-8.jpg 1080w, https:\/\/setantaarquitectura.com\/wp-content\/uploads\/2025\/08\/1080x1080-8-300x300.jpg 300w, https:\/\/setantaarquitectura.com\/wp-content\/uploads\/2025\/08\/1080x1080-8-1024x1024.jpg 1024w, https:\/\/setantaarquitectura.com\/wp-content\/uploads\/2025\/08\/1080x1080-8-150x150.jpg 150w, https:\/\/setantaarquitectura.com\/wp-content\/uploads\/2025\/08\/1080x1080-8-768x768.jpg 768w\" sizes=\"(max-width: 1080px) 100vw, 1080px\" \/>\t\t\t\t\t\t\t\t\t\t\t\t\t\t\t<\/div>\n\t\t\t\t<\/div>\n\t\t\t\t<div class=\"elementor-element elementor-element-9fd90e5 elementor-widget elementor-widget-heading\" data-id=\"9fd90e5\" data-element_type=\"widget\" data-e-type=\"widget\" data-widget_type=\"heading.default\">\n\t\t\t\t<div class=\"elementor-widget-container\">\n\t\t\t\t\t<h1 class=\"elementor-heading-title elementor-size-default\">Declaraci\u00f3 d\u2019accessibilitat<\/h1>\t\t\t\t<\/div>\n\t\t\t\t<\/div>\n\t\t\t\t<\/div>\n\t\t<div class=\"elementor-element elementor-element-3426e48 e-flex e-con-boxed e-con e-parent\" data-id=\"3426e48\" data-element_type=\"container\" data-e-type=\"container\">\n\t\t\t\t\t<div class=\"e-con-inner\">\n\t\t\t\t<div class=\"elementor-element elementor-element-d9875ca elementor-widget elementor-widget-text-editor\" data-id=\"d9875ca\" data-element_type=\"widget\" data-e-type=\"widget\" data-widget_type=\"text-editor.default\">\n\t\t\t\t<div class=\"elementor-widget-container\">\n\t\t\t\t\t\t\t\t\t<p>DUART-VILA ARQUITECTES S.L.P. s\u2019ha comprom\u00e9s a fer accessible el seu lloc web d\u2019acord amb el<a title=\"Reial decret 1112\/2018, de 7 de setembre, sobre accessibilitat dels llocs web i aplicacions per a dispositius m\u00f2bils. (Obre en nova finestra)\" href=\"http:\/\/www.boe.es\/diario_boe\/txt.php?id=BOE-A-2018-12699\" target=\"_blank\" rel=\"noreferrer noopener\">Reial decret 1112\/2018, de 7 de setembre, sobre accessibilitat dels llocs web i aplicacions per a dispositius m\u00f2bils del sector p\u00fablic.<\/a><\/p><p>La present declaraci\u00f3 d\u2019accessibilitat s\u2019aplica al lloc web: https:\/\/setantaarquitectura.com\/<\/p><h2>Situaci\u00f3 de compliment<\/h2><p>Aquest lloc web \u00e9s <strong>parcialment conforme<\/strong> amb el RD 1112\/2018 a causa de les excepcions i la manca de conformitat en els aspectes que s\u2019indiquen a continuaci\u00f3.<\/p><h2>Contingut no accessible<\/h2><p>El contingut seg\u00fcent no \u00e9s accessible per les raons indicades:<\/p><ol><li>Falta de conformitat amb el RD 1112\/2018<ul><li>Existeixen logotips i imatges amb text alternatiu incorrecte o conf\u00fas i imatges complexes sense descripci\u00f3 textual [requisit 9.1.1.1 Contingut no textual, UNE-EN 301549:2022].<\/li><li>Hi ha elements que no s\u00f3n accessibles per teclat, com ara enlla\u00e7os a xarxes socials, l\u2019editor de textos per a comentaris, elements per ordenar resultats de cerca, la paginaci\u00f3 de resultats o les fletxes del calendari [requisit 9.2.1.1 Teclat, UNE-EN 301549:2022].<\/li><li>Alguns enlla\u00e7os no identifiquen correctament la seua funci\u00f3 (descripci\u00f3 inadequada, text massa gen\u00e8ric, atribut title incorrecte\u2026) [requisit 9.2.4.4 Prop\u00f2sit dels enlla\u00e7os, UNE-EN 301549:2022].<\/li><li>Encap\u00e7alaments amb text repetit i\/o poc descriptiu [requisit 9.2.4.6 Encap\u00e7alaments i etiquetes, UNE-EN 301549:2022].<\/li><li>Missatges d\u2019error poc descriptius o no agrupats en un \u00fanic missatge, aix\u00ed com manca de suggeriments per completar correctament els camps dels formularis [requisit 9.3.3.1 Identificaci\u00f3 d\u2019errors, UNE-EN 301549:2022].<\/li><li>Camps de formulari que informen de l\u2019error amb un valor incorrecte per\u00f2 no ofereixen suggeriments per a la seua correcci\u00f3 [requisit 9.3.3.3 Suggeriments davant d\u2019errors, UNE-EN 301549:2022]. <\/li><li>P\u00e0gines amb errors de sintaxi que poden impedir la correcta interpretaci\u00f3 del contingut pels productes d\u2019assist\u00e8ncia (IDs duplicats, etiquetes sense tancar, construcci\u00f3 incorrecta d\u2019etiquetes\u2026) [requisit 9.4.1.1 Processament, UNE-EN 301549:2022]. <\/li><li>P\u00e0gines on els productes d\u2019assist\u00e8ncia no podran obtenir informaci\u00f3, interactuar o con\u00e9ixer l\u2019estat dels controls de la interf\u00edcie d\u2019usuari, com ara missatges d\u2019ajuda, missatges d\u2019estat de resultats, atributs d\u2019enlla\u00e7os, idioma de la p\u00e0gina\u2026 que no seran llegits pels lectors de pantalla al moment d\u2019apar\u00e8ixer [requisit 9.4.1.2 Nom, funci\u00f3, valor, UNE-EN 301549:2022].<\/li><li>Podrien existir fallades puntuals d\u2019edici\u00f3 en alguna p\u00e0gina web.<\/li><\/ul><\/li><li>C\u00e0rrega desproporcionada<ul><li>No aplica.<\/li><\/ul><\/li><li>Contingut fora de l\u2019\u00e0mbit de la legislaci\u00f3 aplicable<ul><li>Podrien existir arxius ofim\u00e0tics en PDF o altres formats publicats abans del 16 d\u2019octubre de 2024 que no complisquen \u00edntegrament els requisits d\u2019accessibilitat. Tot i aix\u00f2, s\u2019ha procurat que la majoria s\u00ed els complisquen. <\/li><\/ul><\/li><\/ol><h2>Preparaci\u00f3 de la present declaraci\u00f3 d\u2019accessibilitat<\/h2><p>La present declaraci\u00f3 va ser preparada el divendres, 26 de setembre de 2025.<\/p><p>El m\u00e8tode emprat per preparar la declaraci\u00f3 ha estat una autoavaluaci\u00f3 realitzada per la pr\u00f2pia entitat.<\/p><p>\u00daltima revisi\u00f3 de la declaraci\u00f3: divendres, 26 de setembre de 2025.<\/p><h2>Observacions i dades de contacte<\/h2><div><p>Podeu fer comunicacions sobre requisits d&#8217;accesibilidad (article 10.2.a del RD 1112\/2018), com per exemple:<\/p><\/div><div><ul><li>Informar sobre qualsevol possible incompliment per part d\u2019aquest lloc web.<\/li><li>Traslladar altres dificultats d\u2019acc\u00e9s al contingut.<\/li><li>Formular qualsevol altra consulta o suggeriment de millora relacionat amb l\u2019accessibilitat del lloc web.<\/li><\/ul><p>A trav\u00e9s del seg\u00fcent <a href=\"https:\/\/setantaarquitectura.com\/val\/contacte\/\">formulari de contacte.<\/a><\/p><\/div><p>Podeu presentar:<\/p><ul><li>Una Queixa relativa al compliment dels requisits del RD 1112\/2018, o<\/li><li>Una Sol\u00b7licitud d\u2019Informaci\u00f3 accessible relativa a:<ul><li>Continguts que estan exclosos de l\u2019\u00e0mbit d\u2019aplicaci\u00f3 del RD 1112\/2018 segons el que estableix l\u2019article 3, apartat 4<\/li><li>Continguts que estan exempts del compliment dels requisits d\u2019accessibilitat per suposar una c\u00e0rrega desproporcionada<\/li><\/ul><\/li><\/ul><p>En la Sol\u00b7licitud d\u2019informaci\u00f3 accessible, s\u2019ha de concretar amb tota claredat els fets, les raons i la petici\u00f3 que permeten constatar que es tracta d\u2019una sol\u00b7licitud raonable i leg\u00edtima.<\/p><h2>Contingut opcional<\/h2><p>Aquest lloc web aplica els requisits de la Norma UNE-EN 301549:2022 considerant les excepcions del RD 1112\/2018.<\/p><p>L\u2019\u00faltima revisi\u00f3 de l\u2019accessibilitat es va realitzar el divendres, 26 de setembre de 2025.<\/p><p>El lloc web est\u00e0 optimitzat per als navegadors Microsoft Internet Explorer 8.0 o versions superiors, aix\u00ed com les \u00faltimes versions vigents de Firefox, Safari, Opera i Google Chrome. La resoluci\u00f3 web m\u00ednima recomanada \u00e9s de 1280\u00d71024. <\/p><p>El lloc web est\u00e0 dissenyat per a la visualitzaci\u00f3 responsive, de manera que es visualitza de manera \u00f2ptima en dispositius tablet i m\u00f2bils. En aquests dispositius est\u00e0 optimitzat per a la visualitzaci\u00f3 a les \u00faltimes versions vigents de Chrome for mobile, Firefox for mobile, Safari mobile, Opera Mini i el navegador natiu d\u2019Android. <\/p>\t\t\t\t\t\t\t\t<\/div>\n\t\t\t\t<\/div>\n\t\t\t\t\t<\/div>\n\t\t\t\t<\/div>\n\t\t\t\t<\/div>\n\t\t","protected":false},"excerpt":{"rendered":"<p>DUART-VILA ARQUITECTES S.L.P. s\u2019ha comprom\u00e9s a fer accessible el seu lloc web d\u2019acord amb elReial decret 1112\/2018, de 7 de setembre, sobre accessibilitat dels llocs web i aplicacions per a dispositius m\u00f2bils del sector p\u00fablic. La present declaraci\u00f3 d\u2019accessibilitat s\u2019aplica al lloc web: https:\/\/setantaarquitectura.com\/ Situaci\u00f3 de compliment Aquest lloc web \u00e9s parcialment conforme amb el &#8230; <a title=\"Declaraci\u00f3 d\u2019accessibilitat\" class=\"read-more\" href=\"https:\/\/setantaarquitectura.com\/val\/declaracio-daccessibilitat\/\" aria-label=\"Read more about Declaraci\u00f3 d\u2019accessibilitat\">Read more<\/a><\/p>\n","protected":false},"author":1,"featured_media":0,"parent":0,"menu_order":0,"comment_status":"closed","ping_status":"closed","template":"","meta":{"_acf_changed":false,"footnotes":""},"class_list":["post-1775","page","type-page","status-publish"],"acf":[],"yoast_head":"<!-- This site is optimized with the Yoast SEO plugin v27.2 - https:\/\/yoast.com\/product\/yoast-seo-wordpress\/ -->\n<title>Declaraci\u00f3 d\u2019accessibilitat - Setanta Arquitectura<\/title>\n<meta name=\"robots\" content=\"index, follow, max-snippet:-1, max-image-preview:large, max-video-preview:-1\" \/>\n<link rel=\"canonical\" href=\"https:\/\/setantaarquitectura.com\/val\/declaracio-daccessibilitat\/\" \/>\n<meta property=\"og:locale\" content=\"en_US\" \/>\n<meta property=\"og:type\" content=\"article\" \/>\n<meta property=\"og:title\" content=\"Declaraci\u00f3 d\u2019accessibilitat - Setanta Arquitectura\" \/>\n<meta property=\"og:description\" content=\"DUART-VILA ARQUITECTES S.L.P. s\u2019ha comprom\u00e9s a fer accessible el seu lloc web d\u2019acord amb elReial decret 1112\/2018, de 7 de setembre, sobre accessibilitat dels llocs web i aplicacions per a dispositius m\u00f2bils del sector p\u00fablic. La present declaraci\u00f3 d\u2019accessibilitat s\u2019aplica al lloc web: https:\/\/setantaarquitectura.com\/ Situaci\u00f3 de compliment Aquest lloc web \u00e9s parcialment conforme amb el ... Read more\" \/>\n<meta property=\"og:url\" content=\"https:\/\/setantaarquitectura.com\/val\/declaracio-daccessibilitat\/\" \/>\n<meta property=\"og:site_name\" content=\"Setanta Arquitectura\" \/>\n<meta property=\"article:modified_time\" content=\"2025-10-28T15:04:20+00:00\" \/>\n<meta property=\"og:image\" content=\"https:\/\/setantaarquitectura.com\/wp-content\/uploads\/2025\/08\/Estudio-min.jpg\" \/>\n\t<meta property=\"og:image:width\" content=\"2400\" \/>\n\t<meta property=\"og:image:height\" content=\"1040\" \/>\n\t<meta property=\"og:image:type\" content=\"image\/jpeg\" \/>\n<meta name=\"twitter:card\" content=\"summary_large_image\" \/>\n<meta name=\"twitter:label1\" content=\"Est. reading time\" \/>\n\t<meta name=\"twitter:data1\" content=\"4 minutes\" \/>\n<script type=\"application\/ld+json\" class=\"yoast-schema-graph\">{\"@context\":\"https:\/\/schema.org\",\"@graph\":[{\"@type\":\"WebPage\",\"@id\":\"https:\/\/setantaarquitectura.com\/val\/declaracio-daccessibilitat\/\",\"url\":\"https:\/\/setantaarquitectura.com\/val\/declaracio-daccessibilitat\/\",\"name\":\"Declaraci\u00f3 d\u2019accessibilitat - Setanta Arquitectura\",\"isPartOf\":{\"@id\":\"https:\/\/setantaarquitectura.com\/val\/#website\"},\"primaryImageOfPage\":{\"@id\":\"https:\/\/setantaarquitectura.com\/val\/declaracio-daccessibilitat\/#primaryimage\"},\"image\":{\"@id\":\"https:\/\/setantaarquitectura.com\/val\/declaracio-daccessibilitat\/#primaryimage\"},\"thumbnailUrl\":\"https:\/\/setantaarquitectura.com\/wp-content\/uploads\/2025\/08\/Estudio-min.jpg\",\"datePublished\":\"2025-09-26T09:28:34+00:00\",\"dateModified\":\"2025-10-28T15:04:20+00:00\",\"breadcrumb\":{\"@id\":\"https:\/\/setantaarquitectura.com\/val\/declaracio-daccessibilitat\/#breadcrumb\"},\"inLanguage\":\"val-VAL\",\"potentialAction\":[{\"@type\":\"ReadAction\",\"target\":[\"https:\/\/setantaarquitectura.com\/val\/declaracio-daccessibilitat\/\"]}]},{\"@type\":\"ImageObject\",\"inLanguage\":\"val-VAL\",\"@id\":\"https:\/\/setantaarquitectura.com\/val\/declaracio-daccessibilitat\/#primaryimage\",\"url\":\"https:\/\/setantaarquitectura.com\/wp-content\/uploads\/2025\/08\/Estudio-min.jpg\",\"contentUrl\":\"https:\/\/setantaarquitectura.com\/wp-content\/uploads\/2025\/08\/Estudio-min.jpg\"},{\"@type\":\"BreadcrumbList\",\"@id\":\"https:\/\/setantaarquitectura.com\/val\/declaracio-daccessibilitat\/#breadcrumb\",\"itemListElement\":[{\"@type\":\"ListItem\",\"position\":1,\"name\":\"Portada\",\"item\":\"https:\/\/setantaarquitectura.com\/val\/inici\/\"},{\"@type\":\"ListItem\",\"position\":2,\"name\":\"Declaraci\u00f3 d\u2019accessibilitat\"}]},{\"@type\":\"WebSite\",\"@id\":\"https:\/\/setantaarquitectura.com\/val\/#website\",\"url\":\"https:\/\/setantaarquitectura.com\/val\/\",\"name\":\"Setanta Arquitectura\",\"description\":\"Setanta Arquitectura\",\"publisher\":{\"@id\":\"https:\/\/setantaarquitectura.com\/val\/#organization\"},\"potentialAction\":[{\"@type\":\"SearchAction\",\"target\":{\"@type\":\"EntryPoint\",\"urlTemplate\":\"https:\/\/setantaarquitectura.com\/val\/?s={search_term_string}\"},\"query-input\":{\"@type\":\"PropertyValueSpecification\",\"valueRequired\":true,\"valueName\":\"search_term_string\"}}],\"inLanguage\":\"val-VAL\"},{\"@type\":\"Organization\",\"@id\":\"https:\/\/setantaarquitectura.com\/val\/#organization\",\"name\":\"Setanta Arquitectura\",\"url\":\"https:\/\/setantaarquitectura.com\/val\/\",\"logo\":{\"@type\":\"ImageObject\",\"inLanguage\":\"val-VAL\",\"@id\":\"https:\/\/setantaarquitectura.com\/val\/#\/schema\/logo\/image\/\",\"url\":\"https:\/\/setantaarquitectura.com\/wp-content\/uploads\/2025\/07\/Logotipo-setanta-cabecera.png\",\"contentUrl\":\"https:\/\/setantaarquitectura.com\/wp-content\/uploads\/2025\/07\/Logotipo-setanta-cabecera.png\",\"width\":52,\"height\":108,\"caption\":\"Setanta Arquitectura\"},\"image\":{\"@id\":\"https:\/\/setantaarquitectura.com\/val\/#\/schema\/logo\/image\/\"}}]}<\/script>\n<!-- \/ Yoast SEO plugin. -->","yoast_head_json":{"title":"Declaraci\u00f3 d\u2019accessibilitat - Setanta Arquitectura","robots":{"index":"index","follow":"follow","max-snippet":"max-snippet:-1","max-image-preview":"max-image-preview:large","max-video-preview":"max-video-preview:-1"},"canonical":"https:\/\/setantaarquitectura.com\/val\/declaracio-daccessibilitat\/","og_locale":"en_US","og_type":"article","og_title":"Declaraci\u00f3 d\u2019accessibilitat - Setanta Arquitectura","og_description":"DUART-VILA ARQUITECTES S.L.P. s\u2019ha comprom\u00e9s a fer accessible el seu lloc web d\u2019acord amb elReial decret 1112\/2018, de 7 de setembre, sobre accessibilitat dels llocs web i aplicacions per a dispositius m\u00f2bils del sector p\u00fablic. La present declaraci\u00f3 d\u2019accessibilitat s\u2019aplica al lloc web: https:\/\/setantaarquitectura.com\/ Situaci\u00f3 de compliment Aquest lloc web \u00e9s parcialment conforme amb el ... Read more","og_url":"https:\/\/setantaarquitectura.com\/val\/declaracio-daccessibilitat\/","og_site_name":"Setanta Arquitectura","article_modified_time":"2025-10-28T15:04:20+00:00","og_image":[{"width":2400,"height":1040,"url":"https:\/\/setantaarquitectura.com\/wp-content\/uploads\/2025\/08\/Estudio-min.jpg","type":"image\/jpeg"}],"twitter_card":"summary_large_image","twitter_misc":{"Est. reading time":"4 minutes"},"schema":{"@context":"https:\/\/schema.org","@graph":[{"@type":"WebPage","@id":"https:\/\/setantaarquitectura.com\/val\/declaracio-daccessibilitat\/","url":"https:\/\/setantaarquitectura.com\/val\/declaracio-daccessibilitat\/","name":"Declaraci\u00f3 d\u2019accessibilitat - Setanta Arquitectura","isPartOf":{"@id":"https:\/\/setantaarquitectura.com\/val\/#website"},"primaryImageOfPage":{"@id":"https:\/\/setantaarquitectura.com\/val\/declaracio-daccessibilitat\/#primaryimage"},"image":{"@id":"https:\/\/setantaarquitectura.com\/val\/declaracio-daccessibilitat\/#primaryimage"},"thumbnailUrl":"https:\/\/setantaarquitectura.com\/wp-content\/uploads\/2025\/08\/Estudio-min.jpg","datePublished":"2025-09-26T09:28:34+00:00","dateModified":"2025-10-28T15:04:20+00:00","breadcrumb":{"@id":"https:\/\/setantaarquitectura.com\/val\/declaracio-daccessibilitat\/#breadcrumb"},"inLanguage":"val-VAL","potentialAction":[{"@type":"ReadAction","target":["https:\/\/setantaarquitectura.com\/val\/declaracio-daccessibilitat\/"]}]},{"@type":"ImageObject","inLanguage":"val-VAL","@id":"https:\/\/setantaarquitectura.com\/val\/declaracio-daccessibilitat\/#primaryimage","url":"https:\/\/setantaarquitectura.com\/wp-content\/uploads\/2025\/08\/Estudio-min.jpg","contentUrl":"https:\/\/setantaarquitectura.com\/wp-content\/uploads\/2025\/08\/Estudio-min.jpg"},{"@type":"BreadcrumbList","@id":"https:\/\/setantaarquitectura.com\/val\/declaracio-daccessibilitat\/#breadcrumb","itemListElement":[{"@type":"ListItem","position":1,"name":"Portada","item":"https:\/\/setantaarquitectura.com\/val\/inici\/"},{"@type":"ListItem","position":2,"name":"Declaraci\u00f3 d\u2019accessibilitat"}]},{"@type":"WebSite","@id":"https:\/\/setantaarquitectura.com\/val\/#website","url":"https:\/\/setantaarquitectura.com\/val\/","name":"Setanta Arquitectura","description":"Setanta Arquitectura","publisher":{"@id":"https:\/\/setantaarquitectura.com\/val\/#organization"},"potentialAction":[{"@type":"SearchAction","target":{"@type":"EntryPoint","urlTemplate":"https:\/\/setantaarquitectura.com\/val\/?s={search_term_string}"},"query-input":{"@type":"PropertyValueSpecification","valueRequired":true,"valueName":"search_term_string"}}],"inLanguage":"val-VAL"},{"@type":"Organization","@id":"https:\/\/setantaarquitectura.com\/val\/#organization","name":"Setanta Arquitectura","url":"https:\/\/setantaarquitectura.com\/val\/","logo":{"@type":"ImageObject","inLanguage":"val-VAL","@id":"https:\/\/setantaarquitectura.com\/val\/#\/schema\/logo\/image\/","url":"https:\/\/setantaarquitectura.com\/wp-content\/uploads\/2025\/07\/Logotipo-setanta-cabecera.png","contentUrl":"https:\/\/setantaarquitectura.com\/wp-content\/uploads\/2025\/07\/Logotipo-setanta-cabecera.png","width":52,"height":108,"caption":"Setanta Arquitectura"},"image":{"@id":"https:\/\/setantaarquitectura.com\/val\/#\/schema\/logo\/image\/"}}]}},"_links":{"self":[{"href":"https:\/\/setantaarquitectura.com\/val\/wp-json\/wp\/v2\/pages\/1775","targetHints":{"allow":["GET"]}}],"collection":[{"href":"https:\/\/setantaarquitectura.com\/val\/wp-json\/wp\/v2\/pages"}],"about":[{"href":"https:\/\/setantaarquitectura.com\/val\/wp-json\/wp\/v2\/types\/page"}],"author":[{"embeddable":true,"href":"https:\/\/setantaarquitectura.com\/val\/wp-json\/wp\/v2\/users\/1"}],"replies":[{"embeddable":true,"href":"https:\/\/setantaarquitectura.com\/val\/wp-json\/wp\/v2\/comments?post=1775"}],"version-history":[{"count":0,"href":"https:\/\/setantaarquitectura.com\/val\/wp-json\/wp\/v2\/pages\/1775\/revisions"}],"wp:attachment":[{"href":"https:\/\/setantaarquitectura.com\/val\/wp-json\/wp\/v2\/media?parent=1775"}],"curies":[{"name":"wp","href":"https:\/\/api.w.org\/{rel}","templated":true}]}}