{"id":1830,"date":"2025-07-29T10:36:31","date_gmt":"2025-07-29T10:36:31","guid":{"rendered":"https:\/\/setantaarquitectura.com\/noticies\/"},"modified":"2025-10-13T09:52:55","modified_gmt":"2025-10-13T09:52:55","slug":"noticies","status":"publish","type":"page","link":"https:\/\/setantaarquitectura.com\/val\/noticies\/","title":{"rendered":"Not\u00edcies"},"content":{"rendered":"\t\t<div data-elementor-type=\"wp-page\" data-elementor-id=\"1830\" class=\"elementor elementor-1830 elementor-172\" data-elementor-post-type=\"page\">\n\t\t\t\t<div class=\"elementor-element elementor-element-65dd0b1 e-con-full e-grid st_header_overlay elementor-hidden-mobile e-con e-parent\" data-id=\"65dd0b1\" data-element_type=\"container\" data-e-type=\"container\" data-settings=\"{&quot;background_background&quot;:&quot;classic&quot;}\">\n\t\t\t\t<div class=\"elementor-element elementor-element-7a90280 elementor-widget elementor-widget-image\" data-id=\"7a90280\" data-element_type=\"widget\" data-e-type=\"widget\" data-widget_type=\"image.default\">\n\t\t\t\t<div class=\"elementor-widget-container\">\n\t\t\t\t\t\t\t\t\t\t\t\t\t\t\t<img fetchpriority=\"high\" decoding=\"async\" width=\"2400\" height=\"1040\" src=\"https:\/\/setantaarquitectura.com\/wp-content\/uploads\/2025\/08\/Noticias-min.jpg\" class=\"attachment-full size-full wp-image-1832\" alt=\"\" srcset=\"https:\/\/setantaarquitectura.com\/wp-content\/uploads\/2025\/08\/Noticias-min.jpg 2400w, https:\/\/setantaarquitectura.com\/wp-content\/uploads\/2025\/08\/Noticias-min-300x130.jpg 300w, https:\/\/setantaarquitectura.com\/wp-content\/uploads\/2025\/08\/Noticias-min-1024x444.jpg 1024w, https:\/\/setantaarquitectura.com\/wp-content\/uploads\/2025\/08\/Noticias-min-768x333.jpg 768w, https:\/\/setantaarquitectura.com\/wp-content\/uploads\/2025\/08\/Noticias-min-1536x666.jpg 1536w, https:\/\/setantaarquitectura.com\/wp-content\/uploads\/2025\/08\/Noticias-min-2048x887.jpg 2048w\" sizes=\"(max-width: 2400px) 100vw, 2400px\" \/>\t\t\t\t\t\t\t\t\t\t\t\t\t\t\t<\/div>\n\t\t\t\t<\/div>\n\t\t\t\t<div class=\"elementor-element elementor-element-44d98cb elementor-widget elementor-widget-heading\" data-id=\"44d98cb\" data-element_type=\"widget\" data-e-type=\"widget\" data-widget_type=\"heading.default\">\n\t\t\t\t<div class=\"elementor-widget-container\">\n\t\t\t\t\t<h1 class=\"elementor-heading-title elementor-size-default\">NOT\u00cdCIES<\/h1>\t\t\t\t<\/div>\n\t\t\t\t<\/div>\n\t\t\t\t<\/div>\n\t\t<div class=\"elementor-element elementor-element-866a3b8 e-con-full e-grid st_header_overlay elementor-hidden-desktop elementor-hidden-tablet e-con e-parent\" data-id=\"866a3b8\" data-element_type=\"container\" data-e-type=\"container\" data-settings=\"{&quot;background_background&quot;:&quot;classic&quot;}\">\n\t\t\t\t<div class=\"elementor-element elementor-element-8dc817e elementor-widget elementor-widget-image\" data-id=\"8dc817e\" data-element_type=\"widget\" data-e-type=\"widget\" data-widget_type=\"image.default\">\n\t\t\t\t<div class=\"elementor-widget-container\">\n\t\t\t\t\t\t\t\t\t\t\t\t\t\t\t<img decoding=\"async\" width=\"1080\" height=\"1080\" src=\"https:\/\/setantaarquitectura.com\/wp-content\/uploads\/2025\/08\/1080x1080-9.jpg\" class=\"attachment-full size-full wp-image-1833\" alt=\"\" srcset=\"https:\/\/setantaarquitectura.com\/wp-content\/uploads\/2025\/08\/1080x1080-9.jpg 1080w, https:\/\/setantaarquitectura.com\/wp-content\/uploads\/2025\/08\/1080x1080-9-300x300.jpg 300w, https:\/\/setantaarquitectura.com\/wp-content\/uploads\/2025\/08\/1080x1080-9-1024x1024.jpg 1024w, https:\/\/setantaarquitectura.com\/wp-content\/uploads\/2025\/08\/1080x1080-9-150x150.jpg 150w, https:\/\/setantaarquitectura.com\/wp-content\/uploads\/2025\/08\/1080x1080-9-768x768.jpg 768w\" sizes=\"(max-width: 1080px) 100vw, 1080px\" \/>\t\t\t\t\t\t\t\t\t\t\t\t\t\t\t<\/div>\n\t\t\t\t<\/div>\n\t\t\t\t<div class=\"elementor-element elementor-element-ada7cf4 elementor-widget elementor-widget-heading\" data-id=\"ada7cf4\" data-element_type=\"widget\" data-e-type=\"widget\" data-widget_type=\"heading.default\">\n\t\t\t\t<div class=\"elementor-widget-container\">\n\t\t\t\t\t<h1 class=\"elementor-heading-title elementor-size-default\">Not\u00edcies<\/h1>\t\t\t\t<\/div>\n\t\t\t\t<\/div>\n\t\t\t\t<\/div>\n\t\t<div class=\"elementor-element elementor-element-9332909 e-flex e-con-boxed e-con e-parent\" data-id=\"9332909\" data-element_type=\"container\" data-e-type=\"container\">\n\t\t\t\t\t<div class=\"e-con-inner\">\n\t\t\t\t<div class=\"elementor-element elementor-element-8c4934d elementor-widget elementor-widget-heading\" data-id=\"8c4934d\" data-element_type=\"widget\" data-e-type=\"widget\" data-widget_type=\"heading.default\">\n\t\t\t\t<div class=\"elementor-widget-container\">\n\t\t\t\t\t<h2 class=\"elementor-heading-title elementor-size-default\">NOT\u00cdCIES<\/h2>\t\t\t\t<\/div>\n\t\t\t\t<\/div>\n\t\t\t\t<div class=\"elementor-element elementor-element-d1b3959 elementor-grid-2 elementor-grid-tablet-2 elementor-grid-mobile-1 elementor-posts--thumbnail-top elementor-widget elementor-widget-posts\" data-id=\"d1b3959\" data-element_type=\"widget\" data-e-type=\"widget\" data-settings=\"{&quot;classic_columns&quot;:&quot;2&quot;,&quot;classic_row_gap&quot;:{&quot;unit&quot;:&quot;px&quot;,&quot;size&quot;:30,&quot;sizes&quot;:[]},&quot;pagination_type&quot;:&quot;numbers&quot;,&quot;classic_columns_tablet&quot;:&quot;2&quot;,&quot;classic_columns_mobile&quot;:&quot;1&quot;,&quot;classic_row_gap_tablet&quot;:{&quot;unit&quot;:&quot;px&quot;,&quot;size&quot;:&quot;&quot;,&quot;sizes&quot;:[]},&quot;classic_row_gap_mobile&quot;:{&quot;unit&quot;:&quot;px&quot;,&quot;size&quot;:&quot;&quot;,&quot;sizes&quot;:[]}}\" data-widget_type=\"posts.classic\">\n\t\t\t\t<div class=\"elementor-widget-container\">\n\t\t\t\t\t\t\t<div class=\"elementor-posts-container elementor-posts elementor-posts--skin-classic elementor-grid\" role=\"list\">\n\t\t\t\t<article class=\"elementor-post elementor-grid-item post-1851 post type-post status-publish format-standard has-post-thumbnail hentry category-sin-categoria\" role=\"listitem\">\n\t\t\t\t<a class=\"elementor-post__thumbnail__link\" href=\"https:\/\/setantaarquitectura.com\/val\/arquitectura-residencial-en-campanar-valencia\/\" tabindex=\"-1\" >\n\t\t\t<div class=\"elementor-post__thumbnail\"><img decoding=\"async\" width=\"568\" height=\"558\" src=\"https:\/\/setantaarquitectura.com\/wp-content\/uploads\/2025\/08\/Noticia-3-e1756455759180.jpg\" class=\"attachment-medium_large size-medium_large wp-image-1852\" alt=\"Arquitectura residencial en Campanar, Valencia\" srcset=\"https:\/\/setantaarquitectura.com\/wp-content\/uploads\/2025\/08\/Noticia-3-e1756455759180.jpg 568w, https:\/\/setantaarquitectura.com\/wp-content\/uploads\/2025\/08\/Noticia-3-e1756455759180-300x295.jpg 300w\" sizes=\"(max-width: 568px) 100vw, 568px\" \/><\/div>\n\t\t<\/a>\n\t\t\t\t<div class=\"elementor-post__text\">\n\t\t\t\t<h3 class=\"elementor-post__title\">\n\t\t\t<a href=\"https:\/\/setantaarquitectura.com\/val\/arquitectura-residencial-en-campanar-valencia\/\" >\n\t\t\t\tArquitectura residencial en Campanar, Val\u00e8ncia\t\t\t<\/a>\n\t\t<\/h3>\n\t\t\t\t<div class=\"elementor-post__excerpt\">\n\t\t\t<p>Descobrix la fa\u00e7ana singular de l&#8217;edifici de vivendes en Campanar, Val\u00e8ncia, dissenyat per SETANTA arquitectura al costat de la promotora Disfruta Attikos Uno.<\/p>\n\t\t<\/div>\n\t\t\t\t\t<div class=\"elementor-post__read-more-wrapper\">\n\t\t\n\t\t<a class=\"elementor-post__read-more\" href=\"https:\/\/setantaarquitectura.com\/val\/arquitectura-residencial-en-campanar-valencia\/\" aria-label=\"Read more about Arquitectura residencial en Campanar, Val\u00e8ncia\" tabindex=\"-1\" >\n\t\t\t+ Llegir m\u00e9s\t\t<\/a>\n\n\t\t\t\t\t<\/div>\n\t\t\t\t<\/div>\n\t\t\t\t<\/article>\n\t\t\t\t<article class=\"elementor-post elementor-grid-item post-1854 post type-post status-publish format-standard has-post-thumbnail hentry category-sin-categoria\" role=\"listitem\">\n\t\t\t\t<a class=\"elementor-post__thumbnail__link\" href=\"https:\/\/setantaarquitectura.com\/val\/setanta-arquitectura-en-comunicarq-talks-2025-arquitectura-i-construccio-amb-veu-propia-a-valencia\/\" tabindex=\"-1\" >\n\t\t\t<div class=\"elementor-post__thumbnail\"><img loading=\"lazy\" decoding=\"async\" width=\"563\" height=\"558\" src=\"https:\/\/setantaarquitectura.com\/wp-content\/uploads\/2025\/07\/Noticias-1.jpg\" class=\"attachment-medium_large size-medium_large wp-image-1855\" alt=\"SETANTA arquitectura en ComunicARQ Talks 2025: arquitectura y construcci\u00f3n con voz propia en Val\u00e8ncia\" srcset=\"https:\/\/setantaarquitectura.com\/wp-content\/uploads\/2025\/07\/Noticias-1.jpg 563w, https:\/\/setantaarquitectura.com\/wp-content\/uploads\/2025\/07\/Noticias-1-300x297.jpg 300w, https:\/\/setantaarquitectura.com\/wp-content\/uploads\/2025\/07\/Noticias-1-150x150.jpg 150w\" sizes=\"(max-width: 563px) 100vw, 563px\" \/><\/div>\n\t\t<\/a>\n\t\t\t\t<div class=\"elementor-post__text\">\n\t\t\t\t<h3 class=\"elementor-post__title\">\n\t\t\t<a href=\"https:\/\/setantaarquitectura.com\/val\/setanta-arquitectura-en-comunicarq-talks-2025-arquitectura-i-construccio-amb-veu-propia-a-valencia\/\" >\n\t\t\t\tSETANTA arquitectura en ComunicARQ Talks 2025: arquitectura i construcci\u00f3 amb veu pr\u00f2pia a Val\u00e8ncia\t\t\t<\/a>\n\t\t<\/h3>\n\t\t\t\t<div class=\"elementor-post__excerpt\">\n\t\t\t<p>SETANTA arquitectura assistix a ComunicARQ Talks 2025 a Val\u00e8ncia, un esdeveniment clau per a l&#8217;arquitectura, la construcci\u00f3, la innovaci\u00f3 i la comunicaci\u00f3.<\/p>\n\t\t<\/div>\n\t\t\t\t\t<div class=\"elementor-post__read-more-wrapper\">\n\t\t\n\t\t<a class=\"elementor-post__read-more\" href=\"https:\/\/setantaarquitectura.com\/val\/setanta-arquitectura-en-comunicarq-talks-2025-arquitectura-i-construccio-amb-veu-propia-a-valencia\/\" aria-label=\"Read more about SETANTA arquitectura en ComunicARQ Talks 2025: arquitectura i construcci\u00f3 amb veu pr\u00f2pia a Val\u00e8ncia\" tabindex=\"-1\" >\n\t\t\t+ Llegir m\u00e9s\t\t<\/a>\n\n\t\t\t\t\t<\/div>\n\t\t\t\t<\/div>\n\t\t\t\t<\/article>\n\t\t\t\t<article class=\"elementor-post elementor-grid-item post-1860 post type-post status-publish format-standard has-post-thumbnail hentry category-sin-categoria\" role=\"listitem\">\n\t\t\t\t<a class=\"elementor-post__thumbnail__link\" href=\"https:\/\/setantaarquitectura.com\/val\/de-duart-vila-arquitectes-a-setanta-arquitectura-una-evolucio-natural-cap-al-futur-de-larquitectura-a-valencia\/\" tabindex=\"-1\" >\n\t\t\t<div class=\"elementor-post__thumbnail\"><img loading=\"lazy\" decoding=\"async\" width=\"563\" height=\"558\" src=\"https:\/\/setantaarquitectura.com\/wp-content\/uploads\/2025\/07\/Noticicas-2.jpg\" class=\"attachment-medium_large size-medium_large wp-image-1861\" alt=\"\" srcset=\"https:\/\/setantaarquitectura.com\/wp-content\/uploads\/2025\/07\/Noticicas-2.jpg 563w, https:\/\/setantaarquitectura.com\/wp-content\/uploads\/2025\/07\/Noticicas-2-300x297.jpg 300w, https:\/\/setantaarquitectura.com\/wp-content\/uploads\/2025\/07\/Noticicas-2-150x150.jpg 150w\" sizes=\"(max-width: 563px) 100vw, 563px\" \/><\/div>\n\t\t<\/a>\n\t\t\t\t<div class=\"elementor-post__text\">\n\t\t\t\t<h3 class=\"elementor-post__title\">\n\t\t\t<a href=\"https:\/\/setantaarquitectura.com\/val\/de-duart-vila-arquitectes-a-setanta-arquitectura-una-evolucio-natural-cap-al-futur-de-larquitectura-a-valencia\/\" >\n\t\t\t\tDe DUART VILA ARQUITECTES a SETANTA arquitectura: una evoluci\u00f3 natural cap al futur de l&#8217;arquitectura a Val\u00e8ncia\t\t\t<\/a>\n\t\t<\/h3>\n\t\t\t\t<div class=\"elementor-post__excerpt\">\n\t\t\t<p>DUART VILA ARQUITECTES evoluciona i dona pas a SETANTA arquitectura: una nova etapa des de Val\u00e8ncia amb arrels fermes, mirada jove i visi\u00f3 t\u00e8cnica.<\/p>\n\t\t<\/div>\n\t\t\t\t\t<div class=\"elementor-post__read-more-wrapper\">\n\t\t\n\t\t<a class=\"elementor-post__read-more\" href=\"https:\/\/setantaarquitectura.com\/val\/de-duart-vila-arquitectes-a-setanta-arquitectura-una-evolucio-natural-cap-al-futur-de-larquitectura-a-valencia\/\" aria-label=\"Read more about De DUART VILA ARQUITECTES a SETANTA arquitectura: una evoluci\u00f3 natural cap al futur de l&#8217;arquitectura a Val\u00e8ncia\" tabindex=\"-1\" >\n\t\t\t+ Llegir m\u00e9s\t\t<\/a>\n\n\t\t\t\t\t<\/div>\n\t\t\t\t<\/div>\n\t\t\t\t<\/article>\n\t\t\t\t<\/div>\n\t\t\n\t\t\t\t\t\t<\/div>\n\t\t\t\t<\/div>\n\t\t\t\t\t<\/div>\n\t\t\t\t<\/div>\n\t\t\t\t<\/div>\n\t\t","protected":false},"excerpt":{"rendered":"<p>NOT\u00cdCIES NOT\u00cdCIES<\/p>\n","protected":false},"author":1,"featured_media":0,"parent":0,"menu_order":0,"comment_status":"closed","ping_status":"closed","template":"","meta":{"_acf_changed":false,"footnotes":""},"class_list":["post-1830","page","type-page","status-publish","hentry"],"acf":[],"yoast_head":"<!-- This site is optimized with the Yoast SEO plugin v27.4 - https:\/\/yoast.com\/product\/yoast-seo-wordpress\/ -->\n<title>Not\u00edcies - Setanta Arquitectura<\/title>\n<meta name=\"robots\" content=\"index, follow, max-snippet:-1, max-image-preview:large, max-video-preview:-1\" \/>\n<link rel=\"canonical\" href=\"https:\/\/setantaarquitectura.com\/val\/noticies\/\" \/>\n<meta property=\"og:locale\" content=\"en_US\" \/>\n<meta property=\"og:type\" content=\"article\" \/>\n<meta property=\"og:title\" content=\"Not\u00edcies - Setanta Arquitectura\" \/>\n<meta property=\"og:description\" content=\"NOT\u00cdCIES NOT\u00cdCIES\" \/>\n<meta property=\"og:url\" content=\"https:\/\/setantaarquitectura.com\/val\/noticies\/\" \/>\n<meta property=\"og:site_name\" content=\"Setanta Arquitectura\" \/>\n<meta property=\"article:modified_time\" content=\"2025-10-13T09:52:55+00:00\" \/>\n<meta property=\"og:image\" content=\"https:\/\/setantaarquitectura.com\/wp-content\/uploads\/2025\/08\/Noticias-min.jpg\" \/>\n\t<meta property=\"og:image:width\" content=\"2400\" \/>\n\t<meta property=\"og:image:height\" content=\"1040\" \/>\n\t<meta property=\"og:image:type\" content=\"image\/jpeg\" \/>\n<meta name=\"twitter:card\" content=\"summary_large_image\" \/>\n<script type=\"application\/ld+json\" class=\"yoast-schema-graph\">{\"@context\":\"https:\\\/\\\/schema.org\",\"@graph\":[{\"@type\":\"WebPage\",\"@id\":\"https:\\\/\\\/setantaarquitectura.com\\\/val\\\/noticies\\\/\",\"url\":\"https:\\\/\\\/setantaarquitectura.com\\\/val\\\/noticies\\\/\",\"name\":\"Not\u00edcies - Setanta Arquitectura\",\"isPartOf\":{\"@id\":\"https:\\\/\\\/setantaarquitectura.com\\\/val\\\/#website\"},\"primaryImageOfPage\":{\"@id\":\"https:\\\/\\\/setantaarquitectura.com\\\/val\\\/noticies\\\/#primaryimage\"},\"image\":{\"@id\":\"https:\\\/\\\/setantaarquitectura.com\\\/val\\\/noticies\\\/#primaryimage\"},\"thumbnailUrl\":\"https:\\\/\\\/setantaarquitectura.com\\\/wp-content\\\/uploads\\\/2025\\\/08\\\/Noticias-min.jpg\",\"datePublished\":\"2025-07-29T10:36:31+00:00\",\"dateModified\":\"2025-10-13T09:52:55+00:00\",\"breadcrumb\":{\"@id\":\"https:\\\/\\\/setantaarquitectura.com\\\/val\\\/noticies\\\/#breadcrumb\"},\"inLanguage\":\"val-VAL\",\"potentialAction\":[{\"@type\":\"ReadAction\",\"target\":[\"https:\\\/\\\/setantaarquitectura.com\\\/val\\\/noticies\\\/\"]}]},{\"@type\":\"ImageObject\",\"inLanguage\":\"val-VAL\",\"@id\":\"https:\\\/\\\/setantaarquitectura.com\\\/val\\\/noticies\\\/#primaryimage\",\"url\":\"https:\\\/\\\/setantaarquitectura.com\\\/wp-content\\\/uploads\\\/2025\\\/08\\\/Noticias-min.jpg\",\"contentUrl\":\"https:\\\/\\\/setantaarquitectura.com\\\/wp-content\\\/uploads\\\/2025\\\/08\\\/Noticias-min.jpg\"},{\"@type\":\"BreadcrumbList\",\"@id\":\"https:\\\/\\\/setantaarquitectura.com\\\/val\\\/noticies\\\/#breadcrumb\",\"itemListElement\":[{\"@type\":\"ListItem\",\"position\":1,\"name\":\"Portada\",\"item\":\"https:\\\/\\\/setantaarquitectura.com\\\/val\\\/inici\\\/\"},{\"@type\":\"ListItem\",\"position\":2,\"name\":\"Not\u00edcies\"}]},{\"@type\":\"WebSite\",\"@id\":\"https:\\\/\\\/setantaarquitectura.com\\\/val\\\/#website\",\"url\":\"https:\\\/\\\/setantaarquitectura.com\\\/val\\\/\",\"name\":\"Setanta Arquitectura\",\"description\":\"Setanta Arquitectura\",\"publisher\":{\"@id\":\"https:\\\/\\\/setantaarquitectura.com\\\/val\\\/#organization\"},\"potentialAction\":[{\"@type\":\"SearchAction\",\"target\":{\"@type\":\"EntryPoint\",\"urlTemplate\":\"https:\\\/\\\/setantaarquitectura.com\\\/val\\\/?s={search_term_string}\"},\"query-input\":{\"@type\":\"PropertyValueSpecification\",\"valueRequired\":true,\"valueName\":\"search_term_string\"}}],\"inLanguage\":\"val-VAL\"},{\"@type\":\"Organization\",\"@id\":\"https:\\\/\\\/setantaarquitectura.com\\\/val\\\/#organization\",\"name\":\"Setanta Arquitectura\",\"url\":\"https:\\\/\\\/setantaarquitectura.com\\\/val\\\/\",\"logo\":{\"@type\":\"ImageObject\",\"inLanguage\":\"val-VAL\",\"@id\":\"https:\\\/\\\/setantaarquitectura.com\\\/val\\\/#\\\/schema\\\/logo\\\/image\\\/\",\"url\":\"https:\\\/\\\/setantaarquitectura.com\\\/wp-content\\\/uploads\\\/2025\\\/07\\\/Logotipo-setanta-cabecera.png\",\"contentUrl\":\"https:\\\/\\\/setantaarquitectura.com\\\/wp-content\\\/uploads\\\/2025\\\/07\\\/Logotipo-setanta-cabecera.png\",\"width\":52,\"height\":108,\"caption\":\"Setanta Arquitectura\"},\"image\":{\"@id\":\"https:\\\/\\\/setantaarquitectura.com\\\/val\\\/#\\\/schema\\\/logo\\\/image\\\/\"}}]}<\/script>\n<!-- \/ Yoast SEO plugin. -->","yoast_head_json":{"title":"Not\u00edcies - Setanta Arquitectura","robots":{"index":"index","follow":"follow","max-snippet":"max-snippet:-1","max-image-preview":"max-image-preview:large","max-video-preview":"max-video-preview:-1"},"canonical":"https:\/\/setantaarquitectura.com\/val\/noticies\/","og_locale":"en_US","og_type":"article","og_title":"Not\u00edcies - Setanta Arquitectura","og_description":"NOT\u00cdCIES NOT\u00cdCIES","og_url":"https:\/\/setantaarquitectura.com\/val\/noticies\/","og_site_name":"Setanta Arquitectura","article_modified_time":"2025-10-13T09:52:55+00:00","og_image":[{"width":2400,"height":1040,"url":"https:\/\/setantaarquitectura.com\/wp-content\/uploads\/2025\/08\/Noticias-min.jpg","type":"image\/jpeg"}],"twitter_card":"summary_large_image","schema":{"@context":"https:\/\/schema.org","@graph":[{"@type":"WebPage","@id":"https:\/\/setantaarquitectura.com\/val\/noticies\/","url":"https:\/\/setantaarquitectura.com\/val\/noticies\/","name":"Not\u00edcies - Setanta Arquitectura","isPartOf":{"@id":"https:\/\/setantaarquitectura.com\/val\/#website"},"primaryImageOfPage":{"@id":"https:\/\/setantaarquitectura.com\/val\/noticies\/#primaryimage"},"image":{"@id":"https:\/\/setantaarquitectura.com\/val\/noticies\/#primaryimage"},"thumbnailUrl":"https:\/\/setantaarquitectura.com\/wp-content\/uploads\/2025\/08\/Noticias-min.jpg","datePublished":"2025-07-29T10:36:31+00:00","dateModified":"2025-10-13T09:52:55+00:00","breadcrumb":{"@id":"https:\/\/setantaarquitectura.com\/val\/noticies\/#breadcrumb"},"inLanguage":"val-VAL","potentialAction":[{"@type":"ReadAction","target":["https:\/\/setantaarquitectura.com\/val\/noticies\/"]}]},{"@type":"ImageObject","inLanguage":"val-VAL","@id":"https:\/\/setantaarquitectura.com\/val\/noticies\/#primaryimage","url":"https:\/\/setantaarquitectura.com\/wp-content\/uploads\/2025\/08\/Noticias-min.jpg","contentUrl":"https:\/\/setantaarquitectura.com\/wp-content\/uploads\/2025\/08\/Noticias-min.jpg"},{"@type":"BreadcrumbList","@id":"https:\/\/setantaarquitectura.com\/val\/noticies\/#breadcrumb","itemListElement":[{"@type":"ListItem","position":1,"name":"Portada","item":"https:\/\/setantaarquitectura.com\/val\/inici\/"},{"@type":"ListItem","position":2,"name":"Not\u00edcies"}]},{"@type":"WebSite","@id":"https:\/\/setantaarquitectura.com\/val\/#website","url":"https:\/\/setantaarquitectura.com\/val\/","name":"Setanta Arquitectura","description":"Setanta Arquitectura","publisher":{"@id":"https:\/\/setantaarquitectura.com\/val\/#organization"},"potentialAction":[{"@type":"SearchAction","target":{"@type":"EntryPoint","urlTemplate":"https:\/\/setantaarquitectura.com\/val\/?s={search_term_string}"},"query-input":{"@type":"PropertyValueSpecification","valueRequired":true,"valueName":"search_term_string"}}],"inLanguage":"val-VAL"},{"@type":"Organization","@id":"https:\/\/setantaarquitectura.com\/val\/#organization","name":"Setanta Arquitectura","url":"https:\/\/setantaarquitectura.com\/val\/","logo":{"@type":"ImageObject","inLanguage":"val-VAL","@id":"https:\/\/setantaarquitectura.com\/val\/#\/schema\/logo\/image\/","url":"https:\/\/setantaarquitectura.com\/wp-content\/uploads\/2025\/07\/Logotipo-setanta-cabecera.png","contentUrl":"https:\/\/setantaarquitectura.com\/wp-content\/uploads\/2025\/07\/Logotipo-setanta-cabecera.png","width":52,"height":108,"caption":"Setanta Arquitectura"},"image":{"@id":"https:\/\/setantaarquitectura.com\/val\/#\/schema\/logo\/image\/"}}]}},"_links":{"self":[{"href":"https:\/\/setantaarquitectura.com\/val\/wp-json\/wp\/v2\/pages\/1830","targetHints":{"allow":["GET"]}}],"collection":[{"href":"https:\/\/setantaarquitectura.com\/val\/wp-json\/wp\/v2\/pages"}],"about":[{"href":"https:\/\/setantaarquitectura.com\/val\/wp-json\/wp\/v2\/types\/page"}],"author":[{"embeddable":true,"href":"https:\/\/setantaarquitectura.com\/val\/wp-json\/wp\/v2\/users\/1"}],"replies":[{"embeddable":true,"href":"https:\/\/setantaarquitectura.com\/val\/wp-json\/wp\/v2\/comments?post=1830"}],"version-history":[{"count":0,"href":"https:\/\/setantaarquitectura.com\/val\/wp-json\/wp\/v2\/pages\/1830\/revisions"}],"wp:attachment":[{"href":"https:\/\/setantaarquitectura.com\/val\/wp-json\/wp\/v2\/media?parent=1830"}],"curies":[{"name":"wp","href":"https:\/\/api.w.org\/{rel}","templated":true}]}}