{"id":1835,"date":"2025-08-20T07:29:19","date_gmt":"2025-08-20T07:29:19","guid":{"rendered":"https:\/\/setantaarquitectura.com\/politica-de-cookies\/"},"modified":"2025-10-13T10:23:54","modified_gmt":"2025-10-13T10:23:54","slug":"politica-de-cookies","status":"publish","type":"page","link":"https:\/\/setantaarquitectura.com\/val\/politica-de-cookies\/","title":{"rendered":"Pol\u00edtica de cookies"},"content":{"rendered":"\t\t<div data-elementor-type=\"wp-page\" data-elementor-id=\"1835\" class=\"elementor elementor-1835 elementor-1187\" data-elementor-post-type=\"page\">\n\t\t\t\t<div class=\"elementor-element elementor-element-da3782e e-con-full e-grid st_header_overlay elementor-hidden-mobile e-con e-parent\" data-id=\"da3782e\" data-element_type=\"container\" data-e-type=\"container\" data-settings=\"{&quot;background_background&quot;:&quot;classic&quot;}\">\n\t\t\t\t<div class=\"elementor-element elementor-element-d6eab98 elementor-widget elementor-widget-image\" data-id=\"d6eab98\" data-element_type=\"widget\" data-e-type=\"widget\" data-widget_type=\"image.default\">\n\t\t\t\t<div class=\"elementor-widget-container\">\n\t\t\t\t\t\t\t\t\t\t\t\t\t\t\t<img fetchpriority=\"high\" decoding=\"async\" width=\"2400\" height=\"1040\" src=\"https:\/\/setantaarquitectura.com\/wp-content\/uploads\/2025\/08\/Estudio-min.jpg\" class=\"attachment-full size-full wp-image-1799\" alt=\"\" srcset=\"https:\/\/setantaarquitectura.com\/wp-content\/uploads\/2025\/08\/Estudio-min.jpg 2400w, https:\/\/setantaarquitectura.com\/wp-content\/uploads\/2025\/08\/Estudio-min-300x130.jpg 300w, https:\/\/setantaarquitectura.com\/wp-content\/uploads\/2025\/08\/Estudio-min-1024x444.jpg 1024w, https:\/\/setantaarquitectura.com\/wp-content\/uploads\/2025\/08\/Estudio-min-768x333.jpg 768w, https:\/\/setantaarquitectura.com\/wp-content\/uploads\/2025\/08\/Estudio-min-1536x666.jpg 1536w, https:\/\/setantaarquitectura.com\/wp-content\/uploads\/2025\/08\/Estudio-min-2048x887.jpg 2048w\" sizes=\"(max-width: 2400px) 100vw, 2400px\" \/>\t\t\t\t\t\t\t\t\t\t\t\t\t\t\t<\/div>\n\t\t\t\t<\/div>\n\t\t\t\t<div class=\"elementor-element elementor-element-a4a39f5 elementor-widget elementor-widget-heading\" data-id=\"a4a39f5\" data-element_type=\"widget\" data-e-type=\"widget\" data-widget_type=\"heading.default\">\n\t\t\t\t<div class=\"elementor-widget-container\">\n\t\t\t\t\t<h1 class=\"elementor-heading-title elementor-size-default\">Pol\u00edtica de cookies<\/h1>\t\t\t\t<\/div>\n\t\t\t\t<\/div>\n\t\t\t\t<\/div>\n\t\t<div class=\"elementor-element elementor-element-60bbc0c e-con-full e-grid st_header_overlay elementor-hidden-desktop elementor-hidden-tablet e-con e-parent\" data-id=\"60bbc0c\" data-element_type=\"container\" data-e-type=\"container\" data-settings=\"{&quot;background_background&quot;:&quot;classic&quot;}\">\n\t\t\t\t<div class=\"elementor-element elementor-element-d6fd9fb elementor-widget elementor-widget-image\" data-id=\"d6fd9fb\" data-element_type=\"widget\" data-e-type=\"widget\" data-widget_type=\"image.default\">\n\t\t\t\t<div class=\"elementor-widget-container\">\n\t\t\t\t\t\t\t\t\t\t\t\t\t\t\t<img decoding=\"async\" width=\"1080\" height=\"1080\" src=\"https:\/\/setantaarquitectura.com\/wp-content\/uploads\/2025\/08\/1080x1080-8.jpg\" class=\"attachment-full size-full wp-image-1768\" alt=\"\" srcset=\"https:\/\/setantaarquitectura.com\/wp-content\/uploads\/2025\/08\/1080x1080-8.jpg 1080w, https:\/\/setantaarquitectura.com\/wp-content\/uploads\/2025\/08\/1080x1080-8-300x300.jpg 300w, https:\/\/setantaarquitectura.com\/wp-content\/uploads\/2025\/08\/1080x1080-8-1024x1024.jpg 1024w, https:\/\/setantaarquitectura.com\/wp-content\/uploads\/2025\/08\/1080x1080-8-150x150.jpg 150w, https:\/\/setantaarquitectura.com\/wp-content\/uploads\/2025\/08\/1080x1080-8-768x768.jpg 768w\" sizes=\"(max-width: 1080px) 100vw, 1080px\" \/>\t\t\t\t\t\t\t\t\t\t\t\t\t\t\t<\/div>\n\t\t\t\t<\/div>\n\t\t\t\t<div class=\"elementor-element elementor-element-2bf3bb3 elementor-widget elementor-widget-heading\" data-id=\"2bf3bb3\" data-element_type=\"widget\" data-e-type=\"widget\" data-widget_type=\"heading.default\">\n\t\t\t\t<div class=\"elementor-widget-container\">\n\t\t\t\t\t<h1 class=\"elementor-heading-title elementor-size-default\">Pol\u00edtica de cookies<\/h1>\t\t\t\t<\/div>\n\t\t\t\t<\/div>\n\t\t\t\t<\/div>\n\t\t<div class=\"elementor-element elementor-element-3426e48 e-flex e-con-boxed e-con e-parent\" data-id=\"3426e48\" data-element_type=\"container\" data-e-type=\"container\">\n\t\t\t\t\t<div class=\"e-con-inner\">\n\t\t\t\t<div class=\"elementor-element elementor-element-d9875ca elementor-widget elementor-widget-text-editor\" data-id=\"d9875ca\" data-element_type=\"widget\" data-e-type=\"widget\" data-widget_type=\"text-editor.default\">\n\t\t\t\t<div class=\"elementor-widget-container\">\n\t\t\t\t\t\t\t\t\t<h2>1. Objeto<\/h2><p>Esta Pol\u00edtica de Cookies, li oferix la informaci\u00f3 necess\u00e0ria sobre l&#8217;\u00fas de cookies en el nostre lloc web.<\/p><p>Tamb\u00e9 per a donar compliment a la Llei 34\/2002, d&#8217;11 de juliol, de Servicis de la Societat de la Informaci\u00f3 i Comer\u00e7 Electr\u00f2nic, (d&#8217;ara en avant, LSSICE), al Reglament General de protecci\u00f3 de dades personals 2016\/679 (d&#8217;ara en avant RGPD) i a la Llei org\u00e0nica 3\/2018 de protecci\u00f3 de dades personals i garantia dels drets digitals (d&#8217;ara en avant, LOPDGDD).<\/p><h2>2. Identificaci\u00f3 del Responsable \/ Prestador de servicis de la societat de la informaci\u00f3<\/h2><p>En compliment del que estableix l\u2019article 10 de la Llei 34\/2002, d\u201911 de juliol, de Serveis de la Societat de la Informaci\u00f3 i de Comer\u00e7 Electr\u00f2nic (d\u2019ara endavant, LSSI-CE), s\u2019informa de manera expressa, precisa i inequ\u00edvoca, tant als usuaris, destinataris del servei, com als \u00f2rgans competents, dels aspectes seg\u00fcents relatius al prestador de serveis de la societat de la informaci\u00f3:<\/p><h2>3. Qu\u00e8 s\u00f3n les cookies?<\/h2><p>Com a Usuari del nostre lloc web, l&#8217;informem que utilitzem cookies i\/o tecnologies similars (d&#8217;ara en avant cookies) que emmagatzemen i recuperen informaci\u00f3 quan navega.<\/p><p>En general, estes tecnologies poden servir per a finalitats molt diverses, com, per exemple, recon\u00e9ixer-li com a usuari, comptar el nombre de visites que rebem,per a recordar el seu idioma de prefer\u00e8ncia, obtindre informaci\u00f3 sobre els seus h\u00e0bits de navegaci\u00f3, mostrar-te publicitat o personalitzar la forma en qu\u00e8 es mostra el contingut.<\/p><p>Les cookies tamb\u00e9 poden ser instal\u00b7lades per entitats terceres a les quals h\u00e0gem autoritzat o contractat.<\/p><h2>4. Tipus de cookies existents<\/h2><p>A continuaci\u00f3, li detallem els diferents tipus de cookies existents<\/p><h3>4.1 Tipus de cookies segons la seua finalitat<\/h3><p><strong>Cookies T\u00e8cnicas:<\/strong><\/p><p>Permeten controlar el tr\u00e0nsit de dades, identificar la sessi\u00f3, realitzar compres, realitzar sol\u00b7licituds, utilitzar elements de seguretat durant la navegaci\u00f3, emmagatzemar continguts per a visualitzaci\u00f3 de v\u00eddeos o so o compartir continguts mitjan\u00e7ant les xarxes socials.<\/p><p><strong>Cookies d&#8217;An\u00e0lisis\/Mesurament:<\/strong><\/p><p>Permeten al responsable d&#8217;estes, realitzar an\u00e0lisi del comportament dels usuaris del lloc web i s&#8217;utilitzen per al mesurament de l&#8217;activitat del lloc web i per a elaborar perfils de navegaci\u00f3 dels usuaris, amb la finalitat d&#8217;oferir millores d&#8217;\u00fas per als usuaris.<\/p><p><strong>Cookies Socials:<\/strong><\/p><p>S\u00f3n necess\u00e0ries per a les xarxes socials externes (Facebook, LinkedIn, Pinterest, Instagram, etc.). La seua funci\u00f3 \u00e9s controlar la interacci\u00f3 amb els ginys socials dins del lloc web. <\/p><p><strong>Cookies de Geolocalitzaci\u00f3:<\/strong><\/p><p>Permeten con\u00e9ixer el lloc on es troba l&#8217;usuari i oferir-li la informaci\u00f3 adequada segons la ciutat o pa\u00eds que m\u00e9s li interessa. Esta cookie \u00e9s an\u00f2nima. <\/p><p><strong>Cookies de Personalitzaci\u00f3:<\/strong><\/p><p>Permeten recon\u00e9ixer a l&#8217;usuari i oferir-li informaci\u00f3 personalitzada, com l&#8217;idioma, tipus de navegador, etc.<\/p><p><strong>Cookies Publicit\u00e0ries:<\/strong><\/p><p>Permeten gestionar la publicitat que hi ha en el lloc web, adequant-la al servici o productes sol\u00b7licitats.<\/p><p><strong>Cookies de Publicitat Comportamental:<\/strong><\/p><p>Permeten gestionar la publicitat que hi ha en el lloc web, emmagatzemant comportaments de l&#8217;usuari com a resultat de l&#8217;observaci\u00f3 continuada dels seus h\u00e0bits de navegaci\u00f3, la qual cosa permet desenrotllar publicitat amb un perfil espec\u00edfic.<\/p><h3>4.2. Tipus de cookies segons la seua duraci\u00f3<\/h3><p><strong>De sessi\u00f3:<\/strong><\/p><p>Es tracta de cookies dissenyades per a recaptar i emmagatzemar dades mentres l&#8217;usuari visita un lloc web. Quan finalitza la sessi\u00f3 no queden emmagatzemades en el dispositiu inform\u00e0tic de l&#8217;usuari. <\/p><p><strong>Persistents:<\/strong><\/p><p>Es tracta de cookies que romanen instal\u00b7lades en el dispositiu inform\u00e0tic de l&#8217;usuari i la informaci\u00f3 proporcionada pot ser tractada quan l&#8217;usuari abandona el lloc web i quan torne a connectar-se de nou. Estes cookies poden ser eliminades en qualsevol moment per l&#8217;usuari. <\/p><h3>4.3. Tipus de cookies segons l&#8217;entitat que les gestione<\/h3><p><strong>Cookies Pr\u00f2pies:<\/strong><\/p><p>Es tracta de cookies que s&#8217;envien al dispositiu inform\u00e0tic de l&#8217;usuari des del sistema inform\u00e0tic propietat del titular del lloc web, des d&#8217;on s&#8217;ha realitzat la sol\u00b7licitud, prestat el servici o realitzat una compra.<\/p><p><strong>Cookies de Tercers:<\/strong><\/p><p>Es tracta de cookies que s&#8217;envien al dispositiu inform\u00e0tic de l&#8217;usuari des d&#8217;un domini o sistema inform\u00e0tic que no \u00e9s propietat del titular del lloc web, sin\u00f3 per una altra entitat tercera autoritzada o contractada pel titular del lloc web, des d&#8217;on s&#8217;ha realitzat la sol\u00b7licitud, prestat el servici o realitzat una compra.<\/p><p>Ha de saber que, si accepta les cookies de tercers,haur\u00e0 d&#8217;eliminar-les des de les opcions del navegador o des del sistema oferit pel propi tercer. A continuaci\u00f3, li detallem llocs que podr\u00e0 visitar per a con\u00e9ixer millor les cookies de tercers (desactivaci\u00f3, possibles transfer\u00e8ncies de dades a tercers pa\u00efsos, etc.): <\/p><p>Google Chrome<\/p><p>Mozilla Firefox<\/p><p>Microsoft Edge<\/p><p>Chrome para Android<\/p><p>Safari (Apple)<\/p><p>Opera<\/p><p>Firefox<\/p><p>Aix\u00ed com Google AdWords<\/p><p>Si utilitza altres navegadors li recomanem consultar la seua pol\u00edtica d&#8217;\u00fas i gesti\u00f3 de cookies.<\/p><p>L&#8217;informem que pot realitzar una navegaci\u00f3 privada, la qual evitar\u00e0 que els navegadors web emmagatzemen informaci\u00f3 sobre la p\u00e0gina web que visite.<\/p><p>Li pot ser molt \u00fatil la ferramenta http:\/\/www.youronlinechoices.com\/para gestionar l&#8217;\u00fas de les cookies.<\/p><h3>4.4 Tipus de cookies exceptuades de consentiment<\/h3><p>Cookies de \u201centrada de l&#8217;usuari\u201d<br>Cookies d&#8217;autenticaci\u00f3 o identificaci\u00f3 d&#8217;usuari (\u00fanicament de sessi\u00f3).<br>Cookies de seguretat de l&#8217;usuari<br>Cookies de sessi\u00f3 de reproductor multim\u00e8dia.<br>Cookies de sessi\u00f3 per a equilibrar la c\u00e0rrega.<br>Cookies de personalitzaci\u00f3 de la interf\u00edcie d&#8217;usuari.<br>Determinades cookies de complement (connector) per a intercanviar continguts socials<\/p><h3>4.5. Tipus de cookies utilitzades en este lloc web<\/h3><p>Recomanem revisar la nostra pol\u00edtica de cookies cada vegada que accedisca al nostre lloc web per a informar-se de qualsevol modificaci\u00f3 sobre l&#8217;\u00fas de les nostres cookies.La nostra entitat es reserva el dret a la modificaci\u00f3 d&#8217;esta Pol\u00edtica sense previ av\u00eds.<\/p><p>L&#8217;informem que, si desactiva alguna de les cookies, la ferramenta de control deixar\u00e0 de funcionar amb efic\u00e0cia i aix\u00f2 pot tindre un efecte negatiu en la seua experi\u00e8ncia de navegaci\u00f3 en general.<\/p><h3>5. Elaboraci\u00f3 de perfils<\/h3><p>Com a part del deure d&#8217;informaci\u00f3 de l&#8217;article 13.2 f) del RGPD, li comuniquem que, en cas de realitzar perfils sobre la seua persona, li sol\u00b7licitarem consentiment previ. No obstant aix\u00f2, ha de saber que pot oposar-se a ser objecte d&#8217;una decisi\u00f3 automatitzada de les seues dades, on s&#8217;avaluen aspectes personals, com pot ser analitzar o predir aspectes relacionats amb el seu rendiment en el treball, situaci\u00f3 eco <\/p>\t\t\t\t\t\t\t\t<\/div>\n\t\t\t\t<\/div>\n\t\t\t\t\t<\/div>\n\t\t\t\t<\/div>\n\t\t\t\t<\/div>\n\t\t","protected":false},"excerpt":{"rendered":"<p>1. Objeto Esta Pol\u00edtica de Cookies, li oferix la informaci\u00f3 necess\u00e0ria sobre l&#8217;\u00fas de cookies en el nostre lloc web. Tamb\u00e9 per a donar compliment a la Llei 34\/2002, d&#8217;11 de juliol, de Servicis de la Societat de la Informaci\u00f3 i Comer\u00e7 Electr\u00f2nic, (d&#8217;ara en avant, LSSICE), al Reglament General de protecci\u00f3 de dades personals &#8230; <a title=\"Pol\u00edtica de cookies\" class=\"read-more\" href=\"https:\/\/setantaarquitectura.com\/val\/politica-de-cookies\/\" aria-label=\"Read more about Pol\u00edtica de cookies\">Read more<\/a><\/p>\n","protected":false},"author":1,"featured_media":0,"parent":0,"menu_order":0,"comment_status":"closed","ping_status":"closed","template":"","meta":{"_acf_changed":false,"footnotes":""},"class_list":["post-1835","page","type-page","status-publish"],"acf":[],"yoast_head":"<!-- This site is optimized with the Yoast SEO plugin v27.4 - https:\/\/yoast.com\/product\/yoast-seo-wordpress\/ -->\n<title>Pol\u00edtica de cookies - Setanta Arquitectura<\/title>\n<meta name=\"robots\" content=\"index, follow, max-snippet:-1, max-image-preview:large, max-video-preview:-1\" \/>\n<link rel=\"canonical\" href=\"https:\/\/setantaarquitectura.com\/val\/politica-de-cookies\/\" \/>\n<meta property=\"og:locale\" content=\"en_US\" \/>\n<meta property=\"og:type\" content=\"article\" \/>\n<meta property=\"og:title\" content=\"Pol\u00edtica de cookies - Setanta Arquitectura\" \/>\n<meta property=\"og:description\" content=\"1. Objeto Esta Pol\u00edtica de Cookies, li oferix la informaci\u00f3 necess\u00e0ria sobre l&#8217;\u00fas de cookies en el nostre lloc web. Tamb\u00e9 per a donar compliment a la Llei 34\/2002, d&#8217;11 de juliol, de Servicis de la Societat de la Informaci\u00f3 i Comer\u00e7 Electr\u00f2nic, (d&#8217;ara en avant, LSSICE), al Reglament General de protecci\u00f3 de dades personals ... Read more\" \/>\n<meta property=\"og:url\" content=\"https:\/\/setantaarquitectura.com\/val\/politica-de-cookies\/\" \/>\n<meta property=\"og:site_name\" content=\"Setanta Arquitectura\" \/>\n<meta property=\"article:modified_time\" content=\"2025-10-13T10:23:54+00:00\" \/>\n<meta property=\"og:image\" content=\"https:\/\/setantaarquitectura.com\/wp-content\/uploads\/2025\/08\/Estudio-min.jpg\" \/>\n\t<meta property=\"og:image:width\" content=\"2400\" \/>\n\t<meta property=\"og:image:height\" content=\"1040\" \/>\n\t<meta property=\"og:image:type\" content=\"image\/jpeg\" \/>\n<meta name=\"twitter:card\" content=\"summary_large_image\" \/>\n<meta name=\"twitter:label1\" content=\"Est. reading time\" \/>\n\t<meta name=\"twitter:data1\" content=\"5 minutes\" \/>\n<script type=\"application\/ld+json\" class=\"yoast-schema-graph\">{\"@context\":\"https:\\\/\\\/schema.org\",\"@graph\":[{\"@type\":\"WebPage\",\"@id\":\"https:\\\/\\\/setantaarquitectura.com\\\/val\\\/politica-de-cookies\\\/\",\"url\":\"https:\\\/\\\/setantaarquitectura.com\\\/val\\\/politica-de-cookies\\\/\",\"name\":\"Pol\u00edtica de cookies - Setanta Arquitectura\",\"isPartOf\":{\"@id\":\"https:\\\/\\\/setantaarquitectura.com\\\/val\\\/#website\"},\"primaryImageOfPage\":{\"@id\":\"https:\\\/\\\/setantaarquitectura.com\\\/val\\\/politica-de-cookies\\\/#primaryimage\"},\"image\":{\"@id\":\"https:\\\/\\\/setantaarquitectura.com\\\/val\\\/politica-de-cookies\\\/#primaryimage\"},\"thumbnailUrl\":\"https:\\\/\\\/setantaarquitectura.com\\\/wp-content\\\/uploads\\\/2025\\\/08\\\/Estudio-min.jpg\",\"datePublished\":\"2025-08-20T07:29:19+00:00\",\"dateModified\":\"2025-10-13T10:23:54+00:00\",\"breadcrumb\":{\"@id\":\"https:\\\/\\\/setantaarquitectura.com\\\/val\\\/politica-de-cookies\\\/#breadcrumb\"},\"inLanguage\":\"val-VAL\",\"potentialAction\":[{\"@type\":\"ReadAction\",\"target\":[\"https:\\\/\\\/setantaarquitectura.com\\\/val\\\/politica-de-cookies\\\/\"]}]},{\"@type\":\"ImageObject\",\"inLanguage\":\"val-VAL\",\"@id\":\"https:\\\/\\\/setantaarquitectura.com\\\/val\\\/politica-de-cookies\\\/#primaryimage\",\"url\":\"https:\\\/\\\/setantaarquitectura.com\\\/wp-content\\\/uploads\\\/2025\\\/08\\\/Estudio-min.jpg\",\"contentUrl\":\"https:\\\/\\\/setantaarquitectura.com\\\/wp-content\\\/uploads\\\/2025\\\/08\\\/Estudio-min.jpg\"},{\"@type\":\"BreadcrumbList\",\"@id\":\"https:\\\/\\\/setantaarquitectura.com\\\/val\\\/politica-de-cookies\\\/#breadcrumb\",\"itemListElement\":[{\"@type\":\"ListItem\",\"position\":1,\"name\":\"Portada\",\"item\":\"https:\\\/\\\/setantaarquitectura.com\\\/val\\\/inici\\\/\"},{\"@type\":\"ListItem\",\"position\":2,\"name\":\"Pol\u00edtica de cookies\"}]},{\"@type\":\"WebSite\",\"@id\":\"https:\\\/\\\/setantaarquitectura.com\\\/val\\\/#website\",\"url\":\"https:\\\/\\\/setantaarquitectura.com\\\/val\\\/\",\"name\":\"Setanta Arquitectura\",\"description\":\"Setanta Arquitectura\",\"publisher\":{\"@id\":\"https:\\\/\\\/setantaarquitectura.com\\\/val\\\/#organization\"},\"potentialAction\":[{\"@type\":\"SearchAction\",\"target\":{\"@type\":\"EntryPoint\",\"urlTemplate\":\"https:\\\/\\\/setantaarquitectura.com\\\/val\\\/?s={search_term_string}\"},\"query-input\":{\"@type\":\"PropertyValueSpecification\",\"valueRequired\":true,\"valueName\":\"search_term_string\"}}],\"inLanguage\":\"val-VAL\"},{\"@type\":\"Organization\",\"@id\":\"https:\\\/\\\/setantaarquitectura.com\\\/val\\\/#organization\",\"name\":\"Setanta Arquitectura\",\"url\":\"https:\\\/\\\/setantaarquitectura.com\\\/val\\\/\",\"logo\":{\"@type\":\"ImageObject\",\"inLanguage\":\"val-VAL\",\"@id\":\"https:\\\/\\\/setantaarquitectura.com\\\/val\\\/#\\\/schema\\\/logo\\\/image\\\/\",\"url\":\"https:\\\/\\\/setantaarquitectura.com\\\/wp-content\\\/uploads\\\/2025\\\/07\\\/Logotipo-setanta-cabecera.png\",\"contentUrl\":\"https:\\\/\\\/setantaarquitectura.com\\\/wp-content\\\/uploads\\\/2025\\\/07\\\/Logotipo-setanta-cabecera.png\",\"width\":52,\"height\":108,\"caption\":\"Setanta Arquitectura\"},\"image\":{\"@id\":\"https:\\\/\\\/setantaarquitectura.com\\\/val\\\/#\\\/schema\\\/logo\\\/image\\\/\"}}]}<\/script>\n<!-- \/ Yoast SEO plugin. -->","yoast_head_json":{"title":"Pol\u00edtica de cookies - Setanta Arquitectura","robots":{"index":"index","follow":"follow","max-snippet":"max-snippet:-1","max-image-preview":"max-image-preview:large","max-video-preview":"max-video-preview:-1"},"canonical":"https:\/\/setantaarquitectura.com\/val\/politica-de-cookies\/","og_locale":"en_US","og_type":"article","og_title":"Pol\u00edtica de cookies - Setanta Arquitectura","og_description":"1. Objeto Esta Pol\u00edtica de Cookies, li oferix la informaci\u00f3 necess\u00e0ria sobre l&#8217;\u00fas de cookies en el nostre lloc web. Tamb\u00e9 per a donar compliment a la Llei 34\/2002, d&#8217;11 de juliol, de Servicis de la Societat de la Informaci\u00f3 i Comer\u00e7 Electr\u00f2nic, (d&#8217;ara en avant, LSSICE), al Reglament General de protecci\u00f3 de dades personals ... Read more","og_url":"https:\/\/setantaarquitectura.com\/val\/politica-de-cookies\/","og_site_name":"Setanta Arquitectura","article_modified_time":"2025-10-13T10:23:54+00:00","og_image":[{"width":2400,"height":1040,"url":"https:\/\/setantaarquitectura.com\/wp-content\/uploads\/2025\/08\/Estudio-min.jpg","type":"image\/jpeg"}],"twitter_card":"summary_large_image","twitter_misc":{"Est. reading time":"5 minutes"},"schema":{"@context":"https:\/\/schema.org","@graph":[{"@type":"WebPage","@id":"https:\/\/setantaarquitectura.com\/val\/politica-de-cookies\/","url":"https:\/\/setantaarquitectura.com\/val\/politica-de-cookies\/","name":"Pol\u00edtica de cookies - Setanta Arquitectura","isPartOf":{"@id":"https:\/\/setantaarquitectura.com\/val\/#website"},"primaryImageOfPage":{"@id":"https:\/\/setantaarquitectura.com\/val\/politica-de-cookies\/#primaryimage"},"image":{"@id":"https:\/\/setantaarquitectura.com\/val\/politica-de-cookies\/#primaryimage"},"thumbnailUrl":"https:\/\/setantaarquitectura.com\/wp-content\/uploads\/2025\/08\/Estudio-min.jpg","datePublished":"2025-08-20T07:29:19+00:00","dateModified":"2025-10-13T10:23:54+00:00","breadcrumb":{"@id":"https:\/\/setantaarquitectura.com\/val\/politica-de-cookies\/#breadcrumb"},"inLanguage":"val-VAL","potentialAction":[{"@type":"ReadAction","target":["https:\/\/setantaarquitectura.com\/val\/politica-de-cookies\/"]}]},{"@type":"ImageObject","inLanguage":"val-VAL","@id":"https:\/\/setantaarquitectura.com\/val\/politica-de-cookies\/#primaryimage","url":"https:\/\/setantaarquitectura.com\/wp-content\/uploads\/2025\/08\/Estudio-min.jpg","contentUrl":"https:\/\/setantaarquitectura.com\/wp-content\/uploads\/2025\/08\/Estudio-min.jpg"},{"@type":"BreadcrumbList","@id":"https:\/\/setantaarquitectura.com\/val\/politica-de-cookies\/#breadcrumb","itemListElement":[{"@type":"ListItem","position":1,"name":"Portada","item":"https:\/\/setantaarquitectura.com\/val\/inici\/"},{"@type":"ListItem","position":2,"name":"Pol\u00edtica de cookies"}]},{"@type":"WebSite","@id":"https:\/\/setantaarquitectura.com\/val\/#website","url":"https:\/\/setantaarquitectura.com\/val\/","name":"Setanta Arquitectura","description":"Setanta Arquitectura","publisher":{"@id":"https:\/\/setantaarquitectura.com\/val\/#organization"},"potentialAction":[{"@type":"SearchAction","target":{"@type":"EntryPoint","urlTemplate":"https:\/\/setantaarquitectura.com\/val\/?s={search_term_string}"},"query-input":{"@type":"PropertyValueSpecification","valueRequired":true,"valueName":"search_term_string"}}],"inLanguage":"val-VAL"},{"@type":"Organization","@id":"https:\/\/setantaarquitectura.com\/val\/#organization","name":"Setanta Arquitectura","url":"https:\/\/setantaarquitectura.com\/val\/","logo":{"@type":"ImageObject","inLanguage":"val-VAL","@id":"https:\/\/setantaarquitectura.com\/val\/#\/schema\/logo\/image\/","url":"https:\/\/setantaarquitectura.com\/wp-content\/uploads\/2025\/07\/Logotipo-setanta-cabecera.png","contentUrl":"https:\/\/setantaarquitectura.com\/wp-content\/uploads\/2025\/07\/Logotipo-setanta-cabecera.png","width":52,"height":108,"caption":"Setanta Arquitectura"},"image":{"@id":"https:\/\/setantaarquitectura.com\/val\/#\/schema\/logo\/image\/"}}]}},"_links":{"self":[{"href":"https:\/\/setantaarquitectura.com\/val\/wp-json\/wp\/v2\/pages\/1835","targetHints":{"allow":["GET"]}}],"collection":[{"href":"https:\/\/setantaarquitectura.com\/val\/wp-json\/wp\/v2\/pages"}],"about":[{"href":"https:\/\/setantaarquitectura.com\/val\/wp-json\/wp\/v2\/types\/page"}],"author":[{"embeddable":true,"href":"https:\/\/setantaarquitectura.com\/val\/wp-json\/wp\/v2\/users\/1"}],"replies":[{"embeddable":true,"href":"https:\/\/setantaarquitectura.com\/val\/wp-json\/wp\/v2\/comments?post=1835"}],"version-history":[{"count":0,"href":"https:\/\/setantaarquitectura.com\/val\/wp-json\/wp\/v2\/pages\/1835\/revisions"}],"wp:attachment":[{"href":"https:\/\/setantaarquitectura.com\/val\/wp-json\/wp\/v2\/media?parent=1835"}],"curies":[{"name":"wp","href":"https:\/\/api.w.org\/{rel}","templated":true}]}}